{"id":534,"date":"2015-07-22T12:19:19","date_gmt":"2015-07-22T12:19:19","guid":{"rendered":"http:\/\/wellness-spa.cmsmasters.net\/?page_id=534"},"modified":"2021-12-06T21:03:49","modified_gmt":"2021-12-06T21:03:49","slug":"hotel-sterzing","status":"publish","type":"page","link":"https:\/\/sterzingermoos.it\/hotel\/hotel-sterzing\/","title":{"rendered":"Das Hotel"},"content":{"rendered":"<style type=\"text\/css\"> \n#cmsmasters_row_69e78c9372f9d6_87331458 .cmsmasters_row_outer_parent { \n\tpadding-top: 70px; \n} \n\n \n#cmsmasters_heading_69e78c93730797_31619819 { \n\ttext-align:left; \n\tmargin-top:0px; \n\tmargin-bottom:45px; \n} \n\n#cmsmasters_heading_69e78c93730797_31619819 .cmsmasters_heading { \n\ttext-align:left; \n} \n\n#cmsmasters_heading_69e78c93730797_31619819 .cmsmasters_heading, #cmsmasters_heading_69e78c93730797_31619819 .cmsmasters_heading a { \n\tfont-weight:300; \n\tfont-style:normal; \n} \n\n#cmsmasters_heading_69e78c93730797_31619819 .cmsmasters_heading_divider { \n} \n\n\r\n\t\t\t\t#cmsmasters_gallery_69e78c937318e8_46155031 .cmsmasters_gallery {\r\n\t\t\t\t\tmargin:0 0 0 -10px;\r\n\t\t\t\t}\r\n\t\t\t\t\r\n\t\t\t\t#cmsmasters_gallery_69e78c937318e8_46155031 .cmsmasters_gallery .cmsmasters_gallery_item {\r\n\t\t\t\t\tpadding:0 0 10px 10px;\r\n\t\t\t\t}\r\n\t\t\t \n#cmsmasters_row_69e78c93737148_86172026 .cmsmasters_row_outer_parent { \n\tpadding-top: 0px; \n} \n\n \n#cmsmasters_divider_69e78c93737a09_19318707 { \n\tborder-bottom-width:1px; \n\tborder-bottom-style:groove; \n\tpadding-top:5px; \n\tmargin-bottom:30px; \n} \n \n#cmsmasters_row_69e78c93737b98_01200000 .cmsmasters_row_outer_parent { \n\tpadding-top: 0px; \n} \n\n \n#cmsmasters_heading_69e78c937383c6_84123479 { \n\ttext-align:left; \n\tmargin-top:0px; \n\tmargin-bottom:30px; \n} \n\n#cmsmasters_heading_69e78c937383c6_84123479 .cmsmasters_heading { \n\ttext-align:left; \n} \n\n#cmsmasters_heading_69e78c937383c6_84123479 .cmsmasters_heading, #cmsmasters_heading_69e78c937383c6_84123479 .cmsmasters_heading a { \n\tfont-weight:200; \n\tfont-style:normal; \n} \n\n#cmsmasters_heading_69e78c937383c6_84123479 .cmsmasters_heading_divider { \n} \n\n \n#cmsmasters_row_69e78c93738555_83596128 .cmsmasters_row_outer_parent { \n\tpadding-top: 0px; \n} \n\n #cmsmasters_icon_list_items_69e78c93738b77_69698707 { \n\tpadding-left:35px; \n} \n\n#cmsmasters_icon_list_items_69e78c93738b77_69698707 .cmsmasters_icon_list_item:before { \n\tfont-size:15px; \n\tleft:-35px; \n} \n #cmsmasters_icon_list_items_69e78c93739503_57629473 { \n\tpadding-left:35px; \n} \n\n#cmsmasters_icon_list_items_69e78c93739503_57629473 .cmsmasters_icon_list_item:before { \n\tfont-size:15px; \n\tleft:-35px; \n} \n \n#cmsmasters_row_69e78c93739b84_92010080 .cmsmasters_row_outer_parent { \n\tpadding-top: 0px; \n} \n\n \n#cmsmasters_divider_69e78c93739e75_23480369 { \n\tborder-bottom-width:1px; \n\tborder-bottom-style:solid; \n\tpadding-top:70px; \n\tmargin-bottom:70px; \n} \n \n#cmsmasters_row_69e78c93739f97_40885592 .cmsmasters_row_outer_parent { \n\tpadding-top: 0px; \n} \n\n#cmsmasters_row_69e78c93739f97_40885592 .cmsmasters_row_outer_parent { \n\tpadding-bottom: 40px; \n} \n\n \n#cmsmasters_heading_69e78c9373a441_31751808 { \n\ttext-align:center; \n\tmargin-top:0px; \n\tmargin-bottom:30px; \n} \n\n#cmsmasters_heading_69e78c9373a441_31751808 .cmsmasters_heading { \n\ttext-align:center; \n} \n\n#cmsmasters_heading_69e78c9373a441_31751808 .cmsmasters_heading, #cmsmasters_heading_69e78c9373a441_31751808 .cmsmasters_heading a { \n\tfont-weight:300; \n\tfont-style:normal; \n} \n\n#cmsmasters_heading_69e78c9373a441_31751808 .cmsmasters_heading_divider { \n} \n\n \n#cmsmasters_row_69e78c9373a5c7_23867619 .cmsmasters_row_outer_parent { \n\tpadding-top: 0px; \n} \n\n#cmsmasters_row_69e78c9373a5c7_23867619 .cmsmasters_row_outer_parent { \n\tpadding-bottom: 80px; \n} \n\n \n#cmsmasters_icon_box_69e78c9373dce7_10301330 { \n\tborder-width:1px; \n\tborder-color:#d6bf6a;\n} \n\n#cmsmasters_icon_box_69e78c9373dce7_10301330:before, \n#cmsmasters_icon_box_69e78c9373dce7_10301330 .icon_box_heading:before { \n\tfont-size:20px; \n\tline-height:60px; \n\twidth:60px; \n\theight:60px; \n\tborder-width:0px; \n\t-webkit-border-radius:50%; \n\tborder-radius:50%; \n\tcolor:#ffffff;\n\tbackground-color:#d6bf6a;\n} \n\n#cmsmasters_icon_box_69e78c9373dce7_10301330.cmsmasters_icon_heading_left, \n#cmsmasters_icon_box_69e78c9373dce7_10301330.cmsmasters_icon_top, \n#cmsmasters_icon_box_69e78c9373dce7_10301330.cmsmasters_icon_box_left_top { \n\tpadding:30px 20px; } \n\n#cmsmasters_icon_box_69e78c9373dce7_10301330.cmsmasters_icon_top:before { \n\ttop:30px;} \n\n#cmsmasters_icon_box_69e78c9373dce7_10301330 { \n\tpadding-top:90px; } \n\n#cmsmasters_icon_box_69e78c9373dce7_10301330:before, \n#cmsmasters_icon_box_69e78c9373dce7_10301330 .icon_box_heading:before { \n\tmargin-left:-30px; \n\t} \n\n#cmsmasters_icon_box_69e78c9373dce7_10301330.cmsmasters_icon_box_top { \n\tpadding-top:60px; \n\tmargin-top:30px; \n\t} \n\n#cmsmasters_icon_box_69e78c9373dce7_10301330.cmsmasters_icon_box_top:before { \n\ttop:-30px; \n\t} \n\n \n#cmsmasters_icon_box_69e78c9373e425_25279826 { \n\tborder-width:1px; \n\tborder-color:#7fc8b7;\n} \n\n#cmsmasters_icon_box_69e78c9373e425_25279826:before, \n#cmsmasters_icon_box_69e78c9373e425_25279826 .icon_box_heading:before { \n\tfont-size:20px; \n\tline-height:60px; \n\twidth:60px; \n\theight:60px; \n\tborder-width:0px; \n\t-webkit-border-radius:50%; \n\tborder-radius:50%; \n\tcolor:#ffffff;\n\tbackground-color:#7fc8b7;\n} \n\n#cmsmasters_icon_box_69e78c9373e425_25279826.cmsmasters_icon_heading_left, \n#cmsmasters_icon_box_69e78c9373e425_25279826.cmsmasters_icon_top, \n#cmsmasters_icon_box_69e78c9373e425_25279826.cmsmasters_icon_box_left_top { \n\tpadding:30px 20px; } \n\n#cmsmasters_icon_box_69e78c9373e425_25279826.cmsmasters_icon_top:before { \n\ttop:30px;} \n\n#cmsmasters_icon_box_69e78c9373e425_25279826 { \n\tpadding-top:90px; } \n\n#cmsmasters_icon_box_69e78c9373e425_25279826:before, \n#cmsmasters_icon_box_69e78c9373e425_25279826 .icon_box_heading:before { \n\tmargin-left:-30px; \n\t} \n\n#cmsmasters_icon_box_69e78c9373e425_25279826.cmsmasters_icon_box_top { \n\tpadding-top:60px; \n\tmargin-top:30px; \n\t} \n\n#cmsmasters_icon_box_69e78c9373e425_25279826.cmsmasters_icon_box_top:before { \n\ttop:-30px; \n\t} \n\n \n#cmsmasters_icon_box_69e78c9373e886_83621182 { \n\tborder-width:1px; \n\tborder-color:#c87467;\n} \n\n#cmsmasters_icon_box_69e78c9373e886_83621182:before, \n#cmsmasters_icon_box_69e78c9373e886_83621182 .icon_box_heading:before { \n\tfont-size:20px; \n\tline-height:60px; \n\twidth:60px; \n\theight:60px; \n\tborder-width:0px; \n\t-webkit-border-radius:50%; \n\tborder-radius:50%; \n\tcolor:#ffffff;\n\tbackground-color:#c87467;\n} \n\n#cmsmasters_icon_box_69e78c9373e886_83621182.cmsmasters_icon_heading_left, \n#cmsmasters_icon_box_69e78c9373e886_83621182.cmsmasters_icon_top, \n#cmsmasters_icon_box_69e78c9373e886_83621182.cmsmasters_icon_box_left_top { \n\tpadding:30px 20px; } \n\n#cmsmasters_icon_box_69e78c9373e886_83621182.cmsmasters_icon_top:before { \n\ttop:30px;} \n\n#cmsmasters_icon_box_69e78c9373e886_83621182 { \n\tpadding-top:90px; } \n\n#cmsmasters_icon_box_69e78c9373e886_83621182:before, \n#cmsmasters_icon_box_69e78c9373e886_83621182 .icon_box_heading:before { \n\tmargin-left:-30px; \n\t} \n\n#cmsmasters_icon_box_69e78c9373e886_83621182.cmsmasters_icon_box_top { \n\tpadding-top:60px; \n\tmargin-top:30px; \n\t} \n\n#cmsmasters_icon_box_69e78c9373e886_83621182.cmsmasters_icon_box_top:before { \n\ttop:-30px; \n\t} \n\n<\/style><div id=\"cmsmasters_row_69e78c9372f9d6_87331458\" class=\"cmsmasters_row cmsmasters_color_scheme_default cmsmasters_row_top_default cmsmasters_row_bot_default cmsmasters_row_boxed\">\n<div class=\"cmsmasters_row_outer_parent\">\n<div class=\"cmsmasters_row_outer\">\n<div class=\"cmsmasters_row_inner\">\n<div class=\"cmsmasters_row_margin\">\n<div class=\"cmsmasters_column one_half\">\n\n<div id=\"cmsmasters_heading_69e78c93730797_31619819\" class=\"cmsmasters_heading_wrap cmsmasters_heading_align_left\">\n\t<h2 class=\"cmsmasters_heading\">*** Hotel Sterzing<\/h2>\n<\/div><div class=\"cmsmasters_text\">\n<p>Wir begr\u00fc\u00dfen Sie herzlichst in unserem <strong><a href=\"http:\/\/unterkunft.it\/suedtirol-urlaub\/fuggerstadt-sterzing\/\" target=\"_blank\" rel=\"noopener noreferrer\">Hotel in Sterzing<\/a><\/strong>.<br \/>\nDer <strong>Familienbetrieb <\/strong>liegt\u00a0jeweils 500m von der Brennerautobahn und vom Stadtzentrum Sterzing enfernt. Das Hotel Sterzinger Moos bietet sich also geradezu auf ideale Weise f\u00fcr den Zwischenstop auf der Reise in den S\u00fcden an. Freuen Sie sich auf erholsame<strong> <a href=\"http:\/\/sterzingermoos.it\/hotel\/hotelzimmer-sterzing-suedtirol\/\">Ferien in S\u00fcdtirol<\/a><\/strong>, direkt am <strong>Ski- und Freizeitberg Rosskopf<\/strong>. Den Alltag vergessen und eintauchen in eine faszinierende Urlaubswelt mit Bergen und W\u00e4ldern zum Greifen nahe, ideal zum Wandern, Mountainbiken oder Entspannen. Nur 500 m bis ins historische Zentrum der Stadt Sterzing mit ihrem mittelaterlichen Flair und der herrlichen Flanier- und Einkaufsstra\u00dfe. Unz\u00e4hlige kulturelle Highlights erwarten Sie rund ums Jahr. Die Landesmuseen f\u00fcr Bergbau, Jagd und Fischerei finden Sie in unmittelbarer N\u00e4he. Das Wohlf\u00fchlhotel Sterzinger Moos bietet sich auf ideale Weise f\u00fcr erholsame Ferientage an sowie auch f\u00fcr den entspannenden Zwischenstopp auf der Reise in den S\u00fcden.<br \/>\nGenie\u00dfen Sie unseren hoteleigenen <strong><a href=\"http:\/\/sterzingermoos.it\/hotel\/hotel-in-sterzing\/wellnesshotel-spahotel-suedtirol\/\">Sauna- und Wellnessbereich<\/a><\/strong> und nutzen Sie die vielseitigen M\u00f6glichkeiten.<\/p>\n<\/div>\n<\/div>\n<div class=\"cmsmasters_column one_half\">\n<div id=\"cmsmasters_gallery_69e78c937318e8_46155031\" class=\"cmsmasters_gallery_wrap\"><ul class=\"cmsmasters_gallery cmsmasters_4 cmsmasters_more_items_loader\"><li class=\"cmsmasters_gallery_item\"><figure><a href=\"https:\/\/sterzingermoos.it\/hotel\/wp-content\/uploads\/2021\/12\/hotelfassade-sterzing.jpg\" rel=\"ilightbox[69e78c937318e8_46155031]\"><img loading=\"lazy\" decoding=\"async\" width=\"1920\" height=\"1523\" src=\"https:\/\/sterzingermoos.it\/hotel\/wp-content\/uploads\/2021\/12\/hotelfassade-sterzing.jpg\" class=\"attachment-full size-full\" alt=\"\" srcset=\"https:\/\/sterzingermoos.it\/hotel\/wp-content\/uploads\/2021\/12\/hotelfassade-sterzing.jpg 1920w, https:\/\/sterzingermoos.it\/hotel\/wp-content\/uploads\/2021\/12\/hotelfassade-sterzing-300x238.jpg 300w, https:\/\/sterzingermoos.it\/hotel\/wp-content\/uploads\/2021\/12\/hotelfassade-sterzing-1024x812.jpg 1024w, https:\/\/sterzingermoos.it\/hotel\/wp-content\/uploads\/2021\/12\/hotelfassade-sterzing-768x609.jpg 768w, https:\/\/sterzingermoos.it\/hotel\/wp-content\/uploads\/2021\/12\/hotelfassade-sterzing-200x159.jpg 200w, https:\/\/sterzingermoos.it\/hotel\/wp-content\/uploads\/2021\/12\/hotelfassade-sterzing-1536x1218.jpg 1536w, https:\/\/sterzingermoos.it\/hotel\/wp-content\/uploads\/2021\/12\/hotelfassade-sterzing-580x460.jpg 580w, https:\/\/sterzingermoos.it\/hotel\/wp-content\/uploads\/2021\/12\/hotelfassade-sterzing-860x682.jpg 860w, https:\/\/sterzingermoos.it\/hotel\/wp-content\/uploads\/2021\/12\/hotelfassade-sterzing-1160x920.jpg 1160w\" sizes=\"auto, (max-width: 1920px) 100vw, 1920px\" \/><\/a><\/figure><\/li><li class=\"cmsmasters_gallery_item\"><figure><a href=\"https:\/\/sterzingermoos.it\/hotel\/wp-content\/uploads\/2021\/12\/spielplatz-hotel-sterzing.jpg\" rel=\"ilightbox[69e78c937318e8_46155031]\"><img loading=\"lazy\" decoding=\"async\" width=\"1920\" height=\"1523\" src=\"https:\/\/sterzingermoos.it\/hotel\/wp-content\/uploads\/2021\/12\/spielplatz-hotel-sterzing.jpg\" class=\"attachment-full size-full\" alt=\"\" srcset=\"https:\/\/sterzingermoos.it\/hotel\/wp-content\/uploads\/2021\/12\/spielplatz-hotel-sterzing.jpg 1920w, https:\/\/sterzingermoos.it\/hotel\/wp-content\/uploads\/2021\/12\/spielplatz-hotel-sterzing-300x238.jpg 300w, https:\/\/sterzingermoos.it\/hotel\/wp-content\/uploads\/2021\/12\/spielplatz-hotel-sterzing-1024x812.jpg 1024w, https:\/\/sterzingermoos.it\/hotel\/wp-content\/uploads\/2021\/12\/spielplatz-hotel-sterzing-768x609.jpg 768w, https:\/\/sterzingermoos.it\/hotel\/wp-content\/uploads\/2021\/12\/spielplatz-hotel-sterzing-200x159.jpg 200w, https:\/\/sterzingermoos.it\/hotel\/wp-content\/uploads\/2021\/12\/spielplatz-hotel-sterzing-1536x1218.jpg 1536w, https:\/\/sterzingermoos.it\/hotel\/wp-content\/uploads\/2021\/12\/spielplatz-hotel-sterzing-580x460.jpg 580w, https:\/\/sterzingermoos.it\/hotel\/wp-content\/uploads\/2021\/12\/spielplatz-hotel-sterzing-860x682.jpg 860w, https:\/\/sterzingermoos.it\/hotel\/wp-content\/uploads\/2021\/12\/spielplatz-hotel-sterzing-1160x920.jpg 1160w\" sizes=\"auto, (max-width: 1920px) 100vw, 1920px\" \/><\/a><\/figure><\/li><li class=\"cmsmasters_gallery_item\"><figure><a href=\"https:\/\/sterzingermoos.it\/hotel\/wp-content\/uploads\/2021\/12\/gartenidylle-suedtirol.jpg\" rel=\"ilightbox[69e78c937318e8_46155031]\"><img loading=\"lazy\" decoding=\"async\" width=\"1920\" height=\"1523\" src=\"https:\/\/sterzingermoos.it\/hotel\/wp-content\/uploads\/2021\/12\/gartenidylle-suedtirol.jpg\" class=\"attachment-full size-full\" alt=\"\" srcset=\"https:\/\/sterzingermoos.it\/hotel\/wp-content\/uploads\/2021\/12\/gartenidylle-suedtirol.jpg 1920w, https:\/\/sterzingermoos.it\/hotel\/wp-content\/uploads\/2021\/12\/gartenidylle-suedtirol-300x238.jpg 300w, https:\/\/sterzingermoos.it\/hotel\/wp-content\/uploads\/2021\/12\/gartenidylle-suedtirol-1024x812.jpg 1024w, https:\/\/sterzingermoos.it\/hotel\/wp-content\/uploads\/2021\/12\/gartenidylle-suedtirol-768x609.jpg 768w, https:\/\/sterzingermoos.it\/hotel\/wp-content\/uploads\/2021\/12\/gartenidylle-suedtirol-200x159.jpg 200w, https:\/\/sterzingermoos.it\/hotel\/wp-content\/uploads\/2021\/12\/gartenidylle-suedtirol-1536x1218.jpg 1536w, https:\/\/sterzingermoos.it\/hotel\/wp-content\/uploads\/2021\/12\/gartenidylle-suedtirol-580x460.jpg 580w, https:\/\/sterzingermoos.it\/hotel\/wp-content\/uploads\/2021\/12\/gartenidylle-suedtirol-860x682.jpg 860w, https:\/\/sterzingermoos.it\/hotel\/wp-content\/uploads\/2021\/12\/gartenidylle-suedtirol-1160x920.jpg 1160w\" sizes=\"auto, (max-width: 1920px) 100vw, 1920px\" \/><\/a><\/figure><\/li><li class=\"cmsmasters_gallery_item\"><figure><a href=\"https:\/\/sterzingermoos.it\/hotel\/wp-content\/uploads\/2021\/12\/garten-hotel-sterzing.jpg\" rel=\"ilightbox[69e78c937318e8_46155031]\"><img loading=\"lazy\" decoding=\"async\" width=\"1920\" height=\"1523\" src=\"https:\/\/sterzingermoos.it\/hotel\/wp-content\/uploads\/2021\/12\/garten-hotel-sterzing.jpg\" class=\"attachment-full size-full\" alt=\"\" srcset=\"https:\/\/sterzingermoos.it\/hotel\/wp-content\/uploads\/2021\/12\/garten-hotel-sterzing.jpg 1920w, https:\/\/sterzingermoos.it\/hotel\/wp-content\/uploads\/2021\/12\/garten-hotel-sterzing-300x238.jpg 300w, https:\/\/sterzingermoos.it\/hotel\/wp-content\/uploads\/2021\/12\/garten-hotel-sterzing-1024x812.jpg 1024w, https:\/\/sterzingermoos.it\/hotel\/wp-content\/uploads\/2021\/12\/garten-hotel-sterzing-768x609.jpg 768w, https:\/\/sterzingermoos.it\/hotel\/wp-content\/uploads\/2021\/12\/garten-hotel-sterzing-200x159.jpg 200w, https:\/\/sterzingermoos.it\/hotel\/wp-content\/uploads\/2021\/12\/garten-hotel-sterzing-1536x1218.jpg 1536w, https:\/\/sterzingermoos.it\/hotel\/wp-content\/uploads\/2021\/12\/garten-hotel-sterzing-580x460.jpg 580w, https:\/\/sterzingermoos.it\/hotel\/wp-content\/uploads\/2021\/12\/garten-hotel-sterzing-860x682.jpg 860w, https:\/\/sterzingermoos.it\/hotel\/wp-content\/uploads\/2021\/12\/garten-hotel-sterzing-1160x920.jpg 1160w\" sizes=\"auto, (max-width: 1920px) 100vw, 1920px\" \/><\/a><\/figure><\/li><li class=\"cmsmasters_gallery_item\"><figure><a href=\"https:\/\/sterzingermoos.it\/hotel\/wp-content\/uploads\/2021\/12\/neubau-hotel-sterzingermoos.jpg\" rel=\"ilightbox[69e78c937318e8_46155031]\"><img loading=\"lazy\" decoding=\"async\" width=\"1920\" height=\"1523\" src=\"https:\/\/sterzingermoos.it\/hotel\/wp-content\/uploads\/2021\/12\/neubau-hotel-sterzingermoos.jpg\" class=\"attachment-full size-full\" alt=\"\" srcset=\"https:\/\/sterzingermoos.it\/hotel\/wp-content\/uploads\/2021\/12\/neubau-hotel-sterzingermoos.jpg 1920w, https:\/\/sterzingermoos.it\/hotel\/wp-content\/uploads\/2021\/12\/neubau-hotel-sterzingermoos-300x238.jpg 300w, https:\/\/sterzingermoos.it\/hotel\/wp-content\/uploads\/2021\/12\/neubau-hotel-sterzingermoos-1024x812.jpg 1024w, https:\/\/sterzingermoos.it\/hotel\/wp-content\/uploads\/2021\/12\/neubau-hotel-sterzingermoos-768x609.jpg 768w, https:\/\/sterzingermoos.it\/hotel\/wp-content\/uploads\/2021\/12\/neubau-hotel-sterzingermoos-200x159.jpg 200w, https:\/\/sterzingermoos.it\/hotel\/wp-content\/uploads\/2021\/12\/neubau-hotel-sterzingermoos-1536x1218.jpg 1536w, https:\/\/sterzingermoos.it\/hotel\/wp-content\/uploads\/2021\/12\/neubau-hotel-sterzingermoos-580x460.jpg 580w, https:\/\/sterzingermoos.it\/hotel\/wp-content\/uploads\/2021\/12\/neubau-hotel-sterzingermoos-860x682.jpg 860w, https:\/\/sterzingermoos.it\/hotel\/wp-content\/uploads\/2021\/12\/neubau-hotel-sterzingermoos-1160x920.jpg 1160w\" sizes=\"auto, (max-width: 1920px) 100vw, 1920px\" \/><\/a><\/figure><\/li><li class=\"cmsmasters_gallery_item\"><figure><a href=\"https:\/\/sterzingermoos.it\/hotel\/wp-content\/uploads\/2021\/12\/moos-hotel-sterzing.jpg\" rel=\"ilightbox[69e78c937318e8_46155031]\"><img loading=\"lazy\" decoding=\"async\" width=\"1920\" height=\"1523\" src=\"https:\/\/sterzingermoos.it\/hotel\/wp-content\/uploads\/2021\/12\/moos-hotel-sterzing.jpg\" class=\"attachment-full size-full\" alt=\"\" srcset=\"https:\/\/sterzingermoos.it\/hotel\/wp-content\/uploads\/2021\/12\/moos-hotel-sterzing.jpg 1920w, https:\/\/sterzingermoos.it\/hotel\/wp-content\/uploads\/2021\/12\/moos-hotel-sterzing-300x238.jpg 300w, https:\/\/sterzingermoos.it\/hotel\/wp-content\/uploads\/2021\/12\/moos-hotel-sterzing-1024x812.jpg 1024w, https:\/\/sterzingermoos.it\/hotel\/wp-content\/uploads\/2021\/12\/moos-hotel-sterzing-768x609.jpg 768w, https:\/\/sterzingermoos.it\/hotel\/wp-content\/uploads\/2021\/12\/moos-hotel-sterzing-200x159.jpg 200w, https:\/\/sterzingermoos.it\/hotel\/wp-content\/uploads\/2021\/12\/moos-hotel-sterzing-1536x1218.jpg 1536w, https:\/\/sterzingermoos.it\/hotel\/wp-content\/uploads\/2021\/12\/moos-hotel-sterzing-580x460.jpg 580w, https:\/\/sterzingermoos.it\/hotel\/wp-content\/uploads\/2021\/12\/moos-hotel-sterzing-860x682.jpg 860w, https:\/\/sterzingermoos.it\/hotel\/wp-content\/uploads\/2021\/12\/moos-hotel-sterzing-1160x920.jpg 1160w\" sizes=\"auto, (max-width: 1920px) 100vw, 1920px\" \/><\/a><\/figure><\/li><\/ul><script type=\"text\/javascript\">\r\n\t\t\t\tjQuery(document).ready(function () {\r\n\t\t\t\t\t(function ($) {\r\n\t\t\t\t\t\tif ($('#cmsmasters_gallery_69e78c937318e8_46155031').find('.cmsmasters_gallery_item').length == '0') {\r\n\t\t\t\t\t\t\treturn false;\r\n\t\t\t\t\t\t}\r\n\t\t\t\t\t\t\r\n\t\t\t\t\t\t\r\n\t\t\t\t\t\tstartGallery( \r\n\t\t\t\t\t\t\t'69e78c937318e8_46155031', \r\n\t\t\t\t\t\t\t'grid', \r\n\t\t\t\t\t\t\t'false', \r\n\t\t\t\t\t\t\t'false' \r\n\t\t\t\t\t\t);\r\n\t\t\t\t\t} )(jQuery);\r\n\t\t\t\t} );\r\n\t\t\t<\/script>\r\n\t\t\t<\/div>\n<\/div>\n<\/div>\n<\/div>\n<\/div>\n<\/div>\n<\/div>\n<div id=\"cmsmasters_row_69e78c93737148_86172026\" class=\"cmsmasters_row cmsmasters_color_scheme_default cmsmasters_row_top_default cmsmasters_row_bot_default cmsmasters_row_boxed\">\n<div class=\"cmsmasters_row_outer_parent\">\n<div class=\"cmsmasters_row_outer\">\n<div class=\"cmsmasters_row_inner\">\n<div class=\"cmsmasters_row_margin\">\n<div class=\"cmsmasters_column one_first\">\n\n<div id=\"cmsmasters_divider_69e78c93737a09_19318707\" class=\"cmsmasters_divider cmsmasters_divider_width_long cmsmasters_divider_pos_center\"><\/div>\n<\/div>\n<\/div>\n<\/div>\n<\/div>\n<\/div>\n<\/div>\n<div id=\"cmsmasters_row_69e78c93737b98_01200000\" class=\"cmsmasters_row cmsmasters_color_scheme_default cmsmasters_row_top_default cmsmasters_row_bot_default cmsmasters_row_boxed\">\n<div class=\"cmsmasters_row_outer_parent\">\n<div class=\"cmsmasters_row_outer\">\n<div class=\"cmsmasters_row_inner\">\n<div class=\"cmsmasters_row_margin\">\n<div class=\"cmsmasters_column one_first\">\n\n<div id=\"cmsmasters_heading_69e78c937383c6_84123479\" class=\"cmsmasters_heading_wrap cmsmasters_heading_align_left\">\n\t<h4 class=\"cmsmasters_heading\">Ausstattung des Hotels<\/h4>\n<\/div>\n<\/div>\n<\/div>\n<\/div>\n<\/div>\n<\/div>\n<\/div>\n<div id=\"cmsmasters_row_69e78c93738555_83596128\" class=\"cmsmasters_row cmsmasters_color_scheme_default cmsmasters_row_top_default cmsmasters_row_bot_default cmsmasters_row_boxed\">\n<div class=\"cmsmasters_row_outer_parent\">\n<div class=\"cmsmasters_row_outer\">\n<div class=\"cmsmasters_row_inner\">\n<div class=\"cmsmasters_row_margin\">\n<div class=\"cmsmasters_column one_half\">\n \n<ul id=\"cmsmasters_icon_list_items_69e78c93738b77_69698707\" class=\"cmsmasters_icon_list_items cmsmasters_icon_list_type_list cmsmasters_icon_list_pos_left cmsmasters_color_type_border\" data-animation=\"fadeInLeft\" data-delay=\"0\"><li id=\"cmsmasters_icon_list_item_69e78c93738e22_40039294\" class=\"cmsmasters_icon_list_item cmsmasters-icon-suitcase\">26 Zimmer mit Dusche\/WC TV\/Sat\/Safe\/Telefon<\/li><li id=\"cmsmasters_icon_list_item_69e78c93738f25_27358957\" class=\"cmsmasters_icon_list_item cmsmasters-icon-cab\">gro\u00dfer eigener Parkplatz<\/li><li id=\"cmsmasters_icon_list_item_69e78c93738ff3_44448345\" class=\"cmsmasters_icon_list_item cmsmasters-icon-restaurant\">Restaurant<\/li><li id=\"cmsmasters_icon_list_item_69e78c937390b7_83194137\" class=\"cmsmasters_icon_list_item cmsmasters-icon-glass\">Hausbar<\/li><li id=\"cmsmasters_icon_list_item_69e78c93739173_80387361\" class=\"cmsmasters_icon_list_item cmsmasters-icon-child-1\">Kinderspielplatz<\/li><li id=\"cmsmasters_icon_list_item_69e78c93739225_59604052\" class=\"cmsmasters_icon_list_item cmsmasters-icon-wifi\">Kostenloses W-Lan im ganzen Hotel<\/li><\/ul>\n<\/div>\n<div class=\"cmsmasters_column one_half\">\n \n<ul id=\"cmsmasters_icon_list_items_69e78c93739503_57629473\" class=\"cmsmasters_icon_list_items cmsmasters_icon_list_type_list cmsmasters_icon_list_pos_left cmsmasters_color_type_border\" data-animation=\"fadeInRight\" data-delay=\"0\"><li id=\"cmsmasters_icon_list_item_69e78c93739644_22630431\" class=\"cmsmasters_icon_list_item cmsmasters-icon-fire-3\">Finnische Sauna<\/li><li id=\"cmsmasters_icon_list_item_69e78c93739756_37242086\" class=\"cmsmasters_icon_list_item cmsmasters-icon-ioxhost\">Dampfsauna<\/li><li id=\"cmsmasters_icon_list_item_69e78c93739810_52756544\" class=\"cmsmasters_icon_list_item cmsmasters-icon-droplet\">Kneippbecken<\/li><li id=\"cmsmasters_icon_list_item_69e78c937398c9_20187546\" class=\"cmsmasters_icon_list_item cmsmasters-icon-sun\">Solarium<\/li><li id=\"cmsmasters_icon_list_item_69e78c93739970_94453720\" class=\"cmsmasters_icon_list_item cmsmasters-icon-lightbulb-2\">Infrarotkabine<\/li><li id=\"cmsmasters_icon_list_item_69e78c93739a39_61519352\" class=\"cmsmasters_icon_list_item cmsmasters-icon-sun-filled\">Gastgarten\/Liegewiese<\/li><\/ul>\n<\/div>\n<\/div>\n<\/div>\n<\/div>\n<\/div>\n<\/div>\n<div id=\"cmsmasters_row_69e78c93739b84_92010080\" class=\"cmsmasters_row cmsmasters_color_scheme_default cmsmasters_row_top_default cmsmasters_row_bot_default cmsmasters_row_boxed\">\n<div class=\"cmsmasters_row_outer_parent\">\n<div class=\"cmsmasters_row_outer\">\n<div class=\"cmsmasters_row_inner\">\n<div class=\"cmsmasters_row_margin\">\n<div class=\"cmsmasters_column one_first\">\n\n<div id=\"cmsmasters_divider_69e78c93739e75_23480369\" class=\"cmsmasters_divider cmsmasters_divider_width_long cmsmasters_divider_pos_center\"><\/div>\n<\/div>\n<\/div>\n<\/div>\n<\/div>\n<\/div>\n<\/div>\n<div id=\"cmsmasters_row_69e78c93739f97_40885592\" class=\"cmsmasters_row cmsmasters_color_scheme_default cmsmasters_row_top_default cmsmasters_row_bot_default cmsmasters_row_boxed\">\n<div class=\"cmsmasters_row_outer_parent\">\n<div class=\"cmsmasters_row_outer\">\n<div class=\"cmsmasters_row_inner\">\n<div class=\"cmsmasters_row_margin\">\n<div class=\"cmsmasters_column one_first\">\n\n<div id=\"cmsmasters_heading_69e78c9373a441_31751808\" class=\"cmsmasters_heading_wrap cmsmasters_heading_align_center\">\n\t<h2 class=\"cmsmasters_heading\">Gerne sind wir f\u00fcr Sie da!<\/h2>\n<\/div>\n<\/div>\n<\/div>\n<\/div>\n<\/div>\n<\/div>\n<\/div>\n<div id=\"cmsmasters_row_69e78c9373a5c7_23867619\" class=\"cmsmasters_row cmsmasters_color_scheme_default cmsmasters_row_top_default cmsmasters_row_bot_default cmsmasters_row_boxed\">\n<div class=\"cmsmasters_row_outer_parent\">\n<div class=\"cmsmasters_row_outer\">\n<div class=\"cmsmasters_row_inner\">\n<div class=\"cmsmasters_row_margin\">\n<div class=\"cmsmasters_column one_third\">\n\n<div id=\"cmsmasters_icon_box_69e78c9373dce7_10301330\" class=\"cmsmasters_icon_box cmsmasters_icon_box_top box_icon_type_icon cmsmasters-icon-time\">\n<div class=\"icon_box_inner\">\n<h3 class=\"icon_box_heading\">T\u00e4glich ge\u00f6ffnet<\/h3>\n<div class=\"icon_box_text\">\n<p>8:00 &#8211; 24:00 Uhr<\/p>\n<\/div>\n<\/div>\n<\/div>\n<\/div>\n<div class=\"cmsmasters_column one_third\">\n\n<div id=\"cmsmasters_icon_box_69e78c9373e425_25279826\" class=\"cmsmasters_icon_box cmsmasters_icon_box_top box_icon_type_icon cmsmasters-icon-phone-4\">\n<div class=\"icon_box_inner\">\n<h3 class=\"icon_box_heading\">Rufen Sie uns an<\/h3>\n<div class=\"icon_box_text\">\n<p>+39 0472 765542<\/p>\n<\/div>\n<\/div>\n<\/div>\n<\/div>\n<div class=\"cmsmasters_column one_third\">\n\n<div id=\"cmsmasters_icon_box_69e78c9373e886_83621182\" class=\"cmsmasters_icon_box cmsmasters_icon_box_top box_icon_type_icon cmsmasters-icon-mail-3\">\n<div class=\"icon_box_inner\">\n<h3 class=\"icon_box_heading\">Schreiben Sie uns<\/h3>\n<div class=\"icon_box_text\">\n<p><a href=\"mailto:info@sterzingermoos.com\">info@sterzingermoos.com<\/a><\/p>\n<\/div>\n<\/div>\n<\/div>\n<\/div>\n<\/div>\n<\/div>\n<\/div>\n<\/div>\n<\/div>\n\n","protected":false},"excerpt":{"rendered":"","protected":false},"author":1,"featured_media":0,"parent":0,"menu_order":0,"comment_status":"closed","ping_status":"closed","template":"","meta":{"footnotes":""},"class_list":["post-534","page","type-page","status-publish","hentry"],"_links":{"self":[{"href":"https:\/\/sterzingermoos.it\/hotel\/wp-json\/wp\/v2\/pages\/534","targetHints":{"allow":["GET"]}}],"collection":[{"href":"https:\/\/sterzingermoos.it\/hotel\/wp-json\/wp\/v2\/pages"}],"about":[{"href":"https:\/\/sterzingermoos.it\/hotel\/wp-json\/wp\/v2\/types\/page"}],"author":[{"embeddable":true,"href":"https:\/\/sterzingermoos.it\/hotel\/wp-json\/wp\/v2\/users\/1"}],"replies":[{"embeddable":true,"href":"https:\/\/sterzingermoos.it\/hotel\/wp-json\/wp\/v2\/comments?post=534"}],"version-history":[{"count":5,"href":"https:\/\/sterzingermoos.it\/hotel\/wp-json\/wp\/v2\/pages\/534\/revisions"}],"predecessor-version":[{"id":5278,"href":"https:\/\/sterzingermoos.it\/hotel\/wp-json\/wp\/v2\/pages\/534\/revisions\/5278"}],"wp:attachment":[{"href":"https:\/\/sterzingermoos.it\/hotel\/wp-json\/wp\/v2\/media?parent=534"}],"curies":[{"name":"wp","href":"https:\/\/api.w.org\/{rel}","templated":true}]}}