{"id":525,"date":"2015-07-22T12:14:19","date_gmt":"2015-07-22T12:14:19","guid":{"rendered":"http:\/\/wellness-spa.cmsmasters.net\/?page_id=525"},"modified":"2021-12-06T20:29:59","modified_gmt":"2021-12-06T20:29:59","slug":"hotelzimmer-sterzing-suedtirol","status":"publish","type":"page","link":"https:\/\/sterzingermoos.it\/hotel\/hotel-sterzing\/hotelzimmer-sterzing-suedtirol\/","title":{"rendered":"Die Hotelzimmer"},"content":{"rendered":"<style type=\"text\/css\"> \n#cmsmasters_row_69e7a5e800cf09_72383440 .cmsmasters_row_outer_parent { \n\tpadding-top: 70px; \n} \n\n#cmsmasters_row_69e7a5e800cf09_72383440 .cmsmasters_row_outer_parent { \n\tpadding-bottom: 70px; \n} \n\n \n#cmsmasters_heading_69e7a5e800db67_91607311 { \n\ttext-align:left; \n\tmargin-top:0px; \n\tmargin-bottom:40px; \n} \n\n#cmsmasters_heading_69e7a5e800db67_91607311 .cmsmasters_heading { \n\ttext-align:left; \n} \n\n#cmsmasters_heading_69e7a5e800db67_91607311 .cmsmasters_heading, #cmsmasters_heading_69e7a5e800db67_91607311 .cmsmasters_heading a { \n\tfont-weight:200; \n\tfont-style:normal; \n} \n\n#cmsmasters_heading_69e7a5e800db67_91607311 .cmsmasters_heading_divider { \n} \n\n #cmsmasters_icon_list_items_69e7a5e800f424_70054413 { \n\tpadding-left:35px; \n} \n\n#cmsmasters_icon_list_items_69e7a5e800f424_70054413 .cmsmasters_icon_list_item:before { \n\tfont-size:15px; \n\tleft:-35px; \n} \n\n.cmsmasters_icon_list_items #cmsmasters_icon_list_item_69e7a5e800fa38_37560550:before { \n\tcolor:#7fc8b7;\n} \n\n.cmsmasters_icon_list_items #cmsmasters_icon_list_item_69e7a5e800fbb8_69300166:before { \n\tcolor:#7fc8b7;\n} \n\n.cmsmasters_icon_list_items #cmsmasters_icon_list_item_69e7a5e800fcb4_90444996:before { \n\tcolor:#7fc8b7;\n} \n\n.cmsmasters_icon_list_items #cmsmasters_icon_list_item_69e7a5e800fd86_92416031:before { \n\tcolor:#7fc8b7;\n} \n\n.cmsmasters_icon_list_items #cmsmasters_icon_list_item_69e7a5e800fe40_81876485:before { \n\tcolor:#7fc8b7;\n} \n\n.cmsmasters_icon_list_items #cmsmasters_icon_list_item_69e7a5e800ff12_06984169:before { \n\tcolor:#7fc8b7;\n} \n\n.cmsmasters_icon_list_items #cmsmasters_icon_list_item_69e7a5e800ffd9_28952042:before { \n\tcolor:#7fc8b7;\n} \n\r\n\t\t\t\t#cmsmasters_gallery_69e7a5e80105e3_65368917 .cmsmasters_gallery {\r\n\t\t\t\t\tmargin:0 0 0 -10px;\r\n\t\t\t\t}\r\n\t\t\t\t\r\n\t\t\t\t#cmsmasters_gallery_69e7a5e80105e3_65368917 .cmsmasters_gallery .cmsmasters_gallery_item {\r\n\t\t\t\t\tpadding:0 0 10px 10px;\r\n\t\t\t\t}\r\n\t\t\t<\/style><div id=\"cmsmasters_row_69e7a5e800cf09_72383440\" class=\"cmsmasters_row cmsmasters_color_scheme_default cmsmasters_row_top_default cmsmasters_row_bot_default cmsmasters_row_boxed\">\n<div class=\"cmsmasters_row_outer_parent\">\n<div class=\"cmsmasters_row_outer\">\n<div class=\"cmsmasters_row_inner\">\n<div class=\"cmsmasters_row_margin\">\n<div class=\"cmsmasters_column one_half\">\n\n<div id=\"cmsmasters_heading_69e7a5e800db67_91607311\" class=\"cmsmasters_heading_wrap cmsmasters_heading_align_left\">\n\t<h2 class=\"cmsmasters_heading\">Hotelzimmer\/Hotel in Sterzing<\/h2>\n<\/div><div class=\"cmsmasters_text\">\n<p>Bei uns geht es Ihnen gut, unsere modernen Schlafzimmer verf\u00fcgen \u00fcber jeden Komfort mit Wohlf\u00fchlgarantie. Sie sind alle mit Dusche\/ WC, LCD Fernseher, Telefon und Zimmersafe ausgestattet.<\/p>\n<\/div>\n \n<ul id=\"cmsmasters_icon_list_items_69e7a5e800f424_70054413\" class=\"cmsmasters_icon_list_items cmsmasters_icon_list_type_list cmsmasters_icon_list_pos_left cmsmasters_color_type_border\"><li id=\"cmsmasters_icon_list_item_69e7a5e800fa38_37560550\" class=\"cmsmasters_icon_list_item cmsmasters-icon-check-2\">Bad oder Dusche<\/li><li id=\"cmsmasters_icon_list_item_69e7a5e800fbb8_69300166\" class=\"cmsmasters_icon_list_item cmsmasters-icon-check-2\">WC<\/li><li id=\"cmsmasters_icon_list_item_69e7a5e800fcb4_90444996\" class=\"cmsmasters_icon_list_item cmsmasters-icon-check-2\">F\u00f6hn<\/li><li id=\"cmsmasters_icon_list_item_69e7a5e800fd86_92416031\" class=\"cmsmasters_icon_list_item cmsmasters-icon-check-2\">Telefon<\/li><li id=\"cmsmasters_icon_list_item_69e7a5e800fe40_81876485\" class=\"cmsmasters_icon_list_item cmsmasters-icon-check-2\">Zimmersafe<\/li><li id=\"cmsmasters_icon_list_item_69e7a5e800ff12_06984169\" class=\"cmsmasters_icon_list_item cmsmasters-icon-check-2\">LCD - Sat TV<\/li><li id=\"cmsmasters_icon_list_item_69e7a5e800ffd9_28952042\" class=\"cmsmasters_icon_list_item cmsmasters-icon-check-2\">kostenloser W-Lan Zugang in allen Zimmern<\/li><\/ul>\n<\/div>\n<div class=\"cmsmasters_column one_half\">\n<div id=\"cmsmasters_gallery_69e7a5e80105e3_65368917\" class=\"cmsmasters_gallery_wrap\"><ul class=\"cmsmasters_gallery cmsmasters_4 cmsmasters_more_items_loader\"><li class=\"cmsmasters_gallery_item\"><figure><a href=\"https:\/\/sterzingermoos.it\/hotel\/wp-content\/uploads\/2021\/12\/zweibettzimmer-sterzing.jpg\" rel=\"ilightbox[69e7a5e80105e3_65368917]\"><img loading=\"lazy\" decoding=\"async\" width=\"560\" height=\"400\" src=\"https:\/\/sterzingermoos.it\/hotel\/wp-content\/uploads\/2021\/12\/zweibettzimmer-sterzing-560x400.jpg\" class=\"attachment-post-thumbnail size-post-thumbnail\" alt=\"\" srcset=\"https:\/\/sterzingermoos.it\/hotel\/wp-content\/uploads\/2021\/12\/zweibettzimmer-sterzing-560x400.jpg 560w, https:\/\/sterzingermoos.it\/hotel\/wp-content\/uploads\/2021\/12\/zweibettzimmer-sterzing-860x615.jpg 860w\" sizes=\"auto, (max-width: 560px) 100vw, 560px\" \/><\/a><\/figure><\/li><li class=\"cmsmasters_gallery_item\"><figure><a href=\"https:\/\/sterzingermoos.it\/hotel\/wp-content\/uploads\/2021\/12\/urlaub-in-sterzing-suedtirol.jpg\" rel=\"ilightbox[69e7a5e80105e3_65368917]\"><img loading=\"lazy\" decoding=\"async\" width=\"560\" height=\"400\" src=\"https:\/\/sterzingermoos.it\/hotel\/wp-content\/uploads\/2021\/12\/urlaub-in-sterzing-suedtirol-560x400.jpg\" class=\"attachment-post-thumbnail size-post-thumbnail\" alt=\"\" srcset=\"https:\/\/sterzingermoos.it\/hotel\/wp-content\/uploads\/2021\/12\/urlaub-in-sterzing-suedtirol-560x400.jpg 560w, https:\/\/sterzingermoos.it\/hotel\/wp-content\/uploads\/2021\/12\/urlaub-in-sterzing-suedtirol-860x615.jpg 860w\" sizes=\"auto, (max-width: 560px) 100vw, 560px\" \/><\/a><\/figure><\/li><li class=\"cmsmasters_gallery_item\"><figure><a href=\"https:\/\/sterzingermoos.it\/hotel\/wp-content\/uploads\/2021\/12\/hotelzimmer-wipptal-suedtirol.jpg\" rel=\"ilightbox[69e7a5e80105e3_65368917]\"><img loading=\"lazy\" decoding=\"async\" width=\"560\" height=\"400\" src=\"https:\/\/sterzingermoos.it\/hotel\/wp-content\/uploads\/2021\/12\/hotelzimmer-wipptal-suedtirol-560x400.jpg\" class=\"attachment-post-thumbnail size-post-thumbnail\" alt=\"\" srcset=\"https:\/\/sterzingermoos.it\/hotel\/wp-content\/uploads\/2021\/12\/hotelzimmer-wipptal-suedtirol-560x400.jpg 560w, https:\/\/sterzingermoos.it\/hotel\/wp-content\/uploads\/2021\/12\/hotelzimmer-wipptal-suedtirol-860x615.jpg 860w\" sizes=\"auto, (max-width: 560px) 100vw, 560px\" \/><\/a><\/figure><\/li><li class=\"cmsmasters_gallery_item\"><figure><a href=\"https:\/\/sterzingermoos.it\/hotel\/wp-content\/uploads\/2021\/12\/hotelzimmer-mit-bad.jpg\" rel=\"ilightbox[69e7a5e80105e3_65368917]\"><img loading=\"lazy\" decoding=\"async\" width=\"560\" height=\"400\" src=\"https:\/\/sterzingermoos.it\/hotel\/wp-content\/uploads\/2021\/12\/hotelzimmer-mit-bad-560x400.jpg\" class=\"attachment-post-thumbnail size-post-thumbnail\" alt=\"\" srcset=\"https:\/\/sterzingermoos.it\/hotel\/wp-content\/uploads\/2021\/12\/hotelzimmer-mit-bad-560x400.jpg 560w, https:\/\/sterzingermoos.it\/hotel\/wp-content\/uploads\/2021\/12\/hotelzimmer-mit-bad-860x615.jpg 860w\" sizes=\"auto, (max-width: 560px) 100vw, 560px\" \/><\/a><\/figure><\/li><li class=\"cmsmasters_gallery_item\"><figure><a href=\"https:\/\/sterzingermoos.it\/hotel\/wp-content\/uploads\/2021\/12\/hotelzimmer-sterzing.jpg\" rel=\"ilightbox[69e7a5e80105e3_65368917]\"><img loading=\"lazy\" decoding=\"async\" width=\"560\" height=\"400\" src=\"https:\/\/sterzingermoos.it\/hotel\/wp-content\/uploads\/2021\/12\/hotelzimmer-sterzing-560x400.jpg\" class=\"attachment-post-thumbnail size-post-thumbnail\" alt=\"\" srcset=\"https:\/\/sterzingermoos.it\/hotel\/wp-content\/uploads\/2021\/12\/hotelzimmer-sterzing-560x400.jpg 560w, https:\/\/sterzingermoos.it\/hotel\/wp-content\/uploads\/2021\/12\/hotelzimmer-sterzing-860x615.jpg 860w\" sizes=\"auto, (max-width: 560px) 100vw, 560px\" \/><\/a><\/figure><\/li><li class=\"cmsmasters_gallery_item\"><figure><a href=\"https:\/\/sterzingermoos.it\/hotel\/wp-content\/uploads\/2021\/12\/hotel-sterzing-wipptal.jpg\" rel=\"ilightbox[69e7a5e80105e3_65368917]\"><img loading=\"lazy\" decoding=\"async\" width=\"560\" height=\"400\" src=\"https:\/\/sterzingermoos.it\/hotel\/wp-content\/uploads\/2021\/12\/hotel-sterzing-wipptal-560x400.jpg\" class=\"attachment-post-thumbnail size-post-thumbnail\" alt=\"\" srcset=\"https:\/\/sterzingermoos.it\/hotel\/wp-content\/uploads\/2021\/12\/hotel-sterzing-wipptal-560x400.jpg 560w, https:\/\/sterzingermoos.it\/hotel\/wp-content\/uploads\/2021\/12\/hotel-sterzing-wipptal-860x615.jpg 860w\" sizes=\"auto, (max-width: 560px) 100vw, 560px\" \/><\/a><\/figure><\/li><li class=\"cmsmasters_gallery_item\"><figure><a href=\"https:\/\/sterzingermoos.it\/hotel\/wp-content\/uploads\/2021\/12\/doppelbett-vipiteno.jpg\" rel=\"ilightbox[69e7a5e80105e3_65368917]\"><img loading=\"lazy\" decoding=\"async\" width=\"560\" height=\"400\" src=\"https:\/\/sterzingermoos.it\/hotel\/wp-content\/uploads\/2021\/12\/doppelbett-vipiteno-560x400.jpg\" class=\"attachment-post-thumbnail size-post-thumbnail\" alt=\"\" srcset=\"https:\/\/sterzingermoos.it\/hotel\/wp-content\/uploads\/2021\/12\/doppelbett-vipiteno-560x400.jpg 560w, https:\/\/sterzingermoos.it\/hotel\/wp-content\/uploads\/2021\/12\/doppelbett-vipiteno-860x615.jpg 860w\" sizes=\"auto, (max-width: 560px) 100vw, 560px\" \/><\/a><\/figure><\/li><li class=\"cmsmasters_gallery_item\"><figure><a href=\"https:\/\/sterzingermoos.it\/hotel\/wp-content\/uploads\/2021\/12\/hotelzimmerneu.jpg\" rel=\"ilightbox[69e7a5e80105e3_65368917]\"><img loading=\"lazy\" decoding=\"async\" width=\"560\" height=\"400\" src=\"https:\/\/sterzingermoos.it\/hotel\/wp-content\/uploads\/2021\/12\/hotelzimmerneu-560x400.jpg\" class=\"attachment-post-thumbnail size-post-thumbnail\" alt=\"\" srcset=\"https:\/\/sterzingermoos.it\/hotel\/wp-content\/uploads\/2021\/12\/hotelzimmerneu-560x400.jpg 560w, https:\/\/sterzingermoos.it\/hotel\/wp-content\/uploads\/2021\/12\/hotelzimmerneu-860x615.jpg 860w\" sizes=\"auto, (max-width: 560px) 100vw, 560px\" \/><\/a><\/figure><\/li><\/ul><script type=\"text\/javascript\">\r\n\t\t\t\tjQuery(document).ready(function () {\r\n\t\t\t\t\t(function ($) {\r\n\t\t\t\t\t\tif ($('#cmsmasters_gallery_69e7a5e80105e3_65368917').find('.cmsmasters_gallery_item').length == '0') {\r\n\t\t\t\t\t\t\treturn false;\r\n\t\t\t\t\t\t}\r\n\t\t\t\t\t\t\r\n\t\t\t\t\t\t\r\n\t\t\t\t\t\tstartGallery( \r\n\t\t\t\t\t\t\t'69e7a5e80105e3_65368917', \r\n\t\t\t\t\t\t\t'grid', \r\n\t\t\t\t\t\t\t'false', \r\n\t\t\t\t\t\t\t'false' \r\n\t\t\t\t\t\t);\r\n\t\t\t\t\t} )(jQuery);\r\n\t\t\t\t} );\r\n\t\t\t<\/script>\r\n\t\t\t<\/div>\n<\/div>\n<\/div>\n<\/div>\n<\/div>\n<\/div>\n<\/div>\n\n","protected":false},"excerpt":{"rendered":"","protected":false},"author":1,"featured_media":0,"parent":534,"menu_order":0,"comment_status":"closed","ping_status":"closed","template":"","meta":{"footnotes":""},"class_list":["post-525","page","type-page","status-publish","hentry"],"_links":{"self":[{"href":"https:\/\/sterzingermoos.it\/hotel\/wp-json\/wp\/v2\/pages\/525","targetHints":{"allow":["GET"]}}],"collection":[{"href":"https:\/\/sterzingermoos.it\/hotel\/wp-json\/wp\/v2\/pages"}],"about":[{"href":"https:\/\/sterzingermoos.it\/hotel\/wp-json\/wp\/v2\/types\/page"}],"author":[{"embeddable":true,"href":"https:\/\/sterzingermoos.it\/hotel\/wp-json\/wp\/v2\/users\/1"}],"replies":[{"embeddable":true,"href":"https:\/\/sterzingermoos.it\/hotel\/wp-json\/wp\/v2\/comments?post=525"}],"version-history":[{"count":5,"href":"https:\/\/sterzingermoos.it\/hotel\/wp-json\/wp\/v2\/pages\/525\/revisions"}],"predecessor-version":[{"id":5250,"href":"https:\/\/sterzingermoos.it\/hotel\/wp-json\/wp\/v2\/pages\/525\/revisions\/5250"}],"up":[{"embeddable":true,"href":"https:\/\/sterzingermoos.it\/hotel\/wp-json\/wp\/v2\/pages\/534"}],"wp:attachment":[{"href":"https:\/\/sterzingermoos.it\/hotel\/wp-json\/wp\/v2\/media?parent=525"}],"curies":[{"name":"wp","href":"https:\/\/api.w.org\/{rel}","templated":true}]}}