{"id":3651,"date":"2016-03-10T20:43:30","date_gmt":"2016-03-10T20:43:30","guid":{"rendered":"http:\/\/sterzingermoos.it\/hotel\/?page_id=3651"},"modified":"2016-03-11T01:09:27","modified_gmt":"2016-03-11T01:09:27","slug":"kulinarium","status":"publish","type":"page","link":"https:\/\/sterzingermoos.it\/hotel\/hotel-sterzing\/kulinarium\/","title":{"rendered":"Kulinarium"},"content":{"rendered":"<style type=\"text\/css\"> \n#cmsmasters_row_69e78ba190bb61_69429677 .cmsmasters_row_outer_parent { \n\tpadding-top: 70px; \n} \n\n#cmsmasters_row_69e78ba190bb61_69429677 .cmsmasters_row_outer_parent { \n\tpadding-bottom: 70px; \n} \n\n \n#cmsmasters_heading_69e78ba190c737_83530081 { \n\ttext-align:left; \n\tmargin-top:0px; \n\tmargin-bottom:40px; \n} \n\n#cmsmasters_heading_69e78ba190c737_83530081 .cmsmasters_heading { \n\ttext-align:left; \n} \n\n#cmsmasters_heading_69e78ba190c737_83530081 .cmsmasters_heading, #cmsmasters_heading_69e78ba190c737_83530081 .cmsmasters_heading a { \n\tfont-weight:200; \n\tfont-style:normal; \n} \n\n#cmsmasters_heading_69e78ba190c737_83530081 .cmsmasters_heading_divider { \n} \n\n<\/style><div id=\"cmsmasters_row_69e78ba190bb61_69429677\" class=\"cmsmasters_row cmsmasters_color_scheme_default cmsmasters_row_top_default cmsmasters_row_bot_default cmsmasters_row_boxed\">\n<div class=\"cmsmasters_row_outer_parent\">\n<div class=\"cmsmasters_row_outer\">\n<div class=\"cmsmasters_row_inner\">\n<div class=\"cmsmasters_row_margin\">\n<div class=\"cmsmasters_column one_half\">\n\n<div id=\"cmsmasters_heading_69e78ba190c737_83530081\" class=\"cmsmasters_heading_wrap cmsmasters_heading_align_left\">\n\t<h2 class=\"cmsmasters_heading\">Restaurant in Sterzing<\/h2>\n<\/div><div class=\"cmsmasters_text\">\n<p>Liebehaber der guten regionaler S\u00fcdtiroler K\u00fcche kommen bei uns voll auf ihre Kosten. Lassen Sie sich verw\u00f6hnen mit bek\u00f6mmlichen heimischen und internationalen K\u00f6stlichkeiten in unserem hauseigenen Restaurant.<br \/>\nIn unseren gem\u00fctlichen Stuben servieren wir dazu erlesene Weine.<\/p>\n<\/div>\n<\/div>\n<div class=\"cmsmasters_column one_half\">\n<div class=\"cmsmasters_content_slider_wrap\" style=\"max-width:560px;\">\n<script type=\"text\/javascript\">jQuery(document).ready(function () { jQuery(\"#cmsmasters_slider_69e78ba190d776_13368902.cmsmasters_content_slider\").owlCarousel( { singleItem : true, transitionStyle: false, rewindSpeed : 1000, slideSpeed : 600, autoHeight : true, paginationSpeed : \t600, autoPlay : 7000,stopOnHover: true, navigationText : \t[ \"<span class=\\\"cmsmasters_prev_arrow\\\"><span><\/span><\/span>\", \"<span class=\\\"cmsmasters_next_arrow\\\"><span><\/span><\/span>\" ] } );} );<\/script>\n<div id=\"cmsmasters_slider_69e78ba190d776_13368902\" class=\"cmsmasters_content_slider cmsmasters_owl_slider owl-carousel\">\n<div class=\"cmsmasters_content_slider_item\"><\/div><div class=\"cmsmasters_content_slider_item\"><img loading=\"lazy\" decoding=\"async\" width=\"560\" height=\"400\" src=\"https:\/\/sterzingermoos.it\/hotel\/wp-content\/uploads\/2016\/03\/kulinarium-hotel-sterzing-560x400.jpg\" class=\"attachment-post-thumbnail size-post-thumbnail\" alt=\"\" srcset=\"https:\/\/sterzingermoos.it\/hotel\/wp-content\/uploads\/2016\/03\/kulinarium-hotel-sterzing-560x400.jpg 560w, https:\/\/sterzingermoos.it\/hotel\/wp-content\/uploads\/2016\/03\/kulinarium-hotel-sterzing-860x615.jpg 860w\" sizes=\"auto, (max-width: 560px) 100vw, 560px\" \/><\/div><div class=\"cmsmasters_content_slider_item\"><img loading=\"lazy\" decoding=\"async\" width=\"560\" height=\"400\" src=\"https:\/\/sterzingermoos.it\/hotel\/wp-content\/uploads\/2016\/03\/speisesaal-restaurant-560x400.jpg\" class=\"attachment-post-thumbnail size-post-thumbnail\" alt=\"\" srcset=\"https:\/\/sterzingermoos.it\/hotel\/wp-content\/uploads\/2016\/03\/speisesaal-restaurant-560x400.jpg 560w, https:\/\/sterzingermoos.it\/hotel\/wp-content\/uploads\/2016\/03\/speisesaal-restaurant-860x615.jpg 860w\" sizes=\"auto, (max-width: 560px) 100vw, 560px\" \/><\/div><div class=\"cmsmasters_content_slider_item\"><\/div><div class=\"cmsmasters_content_slider_item\"><img loading=\"lazy\" decoding=\"async\" width=\"560\" height=\"400\" src=\"https:\/\/sterzingermoos.it\/hotel\/wp-content\/uploads\/2016\/03\/essen-urlaub-suedtirol-560x400.jpg\" class=\"attachment-post-thumbnail size-post-thumbnail\" alt=\"\" srcset=\"https:\/\/sterzingermoos.it\/hotel\/wp-content\/uploads\/2016\/03\/essen-urlaub-suedtirol-560x400.jpg 560w, https:\/\/sterzingermoos.it\/hotel\/wp-content\/uploads\/2016\/03\/essen-urlaub-suedtirol-860x615.jpg 860w\" sizes=\"auto, (max-width: 560px) 100vw, 560px\" \/><\/div><div class=\"cmsmasters_content_slider_item\"><img loading=\"lazy\" decoding=\"async\" width=\"560\" height=\"400\" src=\"https:\/\/sterzingermoos.it\/hotel\/wp-content\/uploads\/2016\/03\/bauernpfandl-rezept-560x400.jpg\" class=\"attachment-post-thumbnail size-post-thumbnail\" alt=\"\" srcset=\"https:\/\/sterzingermoos.it\/hotel\/wp-content\/uploads\/2016\/03\/bauernpfandl-rezept-560x400.jpg 560w, https:\/\/sterzingermoos.it\/hotel\/wp-content\/uploads\/2016\/03\/bauernpfandl-rezept-860x615.jpg 860w\" sizes=\"auto, (max-width: 560px) 100vw, 560px\" \/><\/div><div class=\"cmsmasters_content_slider_item\"><img loading=\"lazy\" decoding=\"async\" width=\"560\" height=\"400\" src=\"https:\/\/sterzingermoos.it\/hotel\/wp-content\/uploads\/2016\/03\/vintschgerbrot-560x400.jpg\" class=\"attachment-post-thumbnail size-post-thumbnail\" alt=\"\" srcset=\"https:\/\/sterzingermoos.it\/hotel\/wp-content\/uploads\/2016\/03\/vintschgerbrot-560x400.jpg 560w, https:\/\/sterzingermoos.it\/hotel\/wp-content\/uploads\/2016\/03\/vintschgerbrot-860x615.jpg 860w\" sizes=\"auto, (max-width: 560px) 100vw, 560px\" \/><\/div><div class=\"cmsmasters_content_slider_item\"><img loading=\"lazy\" decoding=\"async\" width=\"560\" height=\"400\" src=\"https:\/\/sterzingermoos.it\/hotel\/wp-content\/uploads\/2016\/03\/essen-und-trinken-560x400.jpg\" class=\"attachment-post-thumbnail size-post-thumbnail\" alt=\"\" srcset=\"https:\/\/sterzingermoos.it\/hotel\/wp-content\/uploads\/2016\/03\/essen-und-trinken-560x400.jpg 560w, https:\/\/sterzingermoos.it\/hotel\/wp-content\/uploads\/2016\/03\/essen-und-trinken-860x615.jpg 860w\" sizes=\"auto, (max-width: 560px) 100vw, 560px\" \/><\/div><\/div>\n<\/div>\n<\/div>\n<\/div>\n<\/div>\n<\/div>\n<\/div>\n<\/div>\n\n","protected":false},"excerpt":{"rendered":"","protected":false},"author":1,"featured_media":0,"parent":534,"menu_order":0,"comment_status":"closed","ping_status":"closed","template":"","meta":{"footnotes":""},"class_list":["post-3651","page","type-page","status-publish","hentry"],"_links":{"self":[{"href":"https:\/\/sterzingermoos.it\/hotel\/wp-json\/wp\/v2\/pages\/3651","targetHints":{"allow":["GET"]}}],"collection":[{"href":"https:\/\/sterzingermoos.it\/hotel\/wp-json\/wp\/v2\/pages"}],"about":[{"href":"https:\/\/sterzingermoos.it\/hotel\/wp-json\/wp\/v2\/types\/page"}],"author":[{"embeddable":true,"href":"https:\/\/sterzingermoos.it\/hotel\/wp-json\/wp\/v2\/users\/1"}],"replies":[{"embeddable":true,"href":"https:\/\/sterzingermoos.it\/hotel\/wp-json\/wp\/v2\/comments?post=3651"}],"version-history":[{"count":5,"href":"https:\/\/sterzingermoos.it\/hotel\/wp-json\/wp\/v2\/pages\/3651\/revisions"}],"predecessor-version":[{"id":4323,"href":"https:\/\/sterzingermoos.it\/hotel\/wp-json\/wp\/v2\/pages\/3651\/revisions\/4323"}],"up":[{"embeddable":true,"href":"https:\/\/sterzingermoos.it\/hotel\/wp-json\/wp\/v2\/pages\/534"}],"wp:attachment":[{"href":"https:\/\/sterzingermoos.it\/hotel\/wp-json\/wp\/v2\/media?parent=3651"}],"curies":[{"name":"wp","href":"https:\/\/api.w.org\/{rel}","templated":true}]}}