{"id":269,"date":"2015-12-14T20:46:15","date_gmt":"2015-12-14T20:46:15","guid":{"rendered":"http:\/\/sterzingermoos.it\/hotel\/?page_id=269"},"modified":"2025-06-21T09:26:50","modified_gmt":"2025-06-21T09:26:50","slug":"motorradurlaub-in-sterzing-in-suedtirol","status":"publish","type":"page","link":"https:\/\/sterzingermoos.it\/hotel\/urlaub-sterzing\/motorradurlaub-in-sterzing-in-suedtirol\/","title":{"rendered":"Motorradurlaub in Sterzing in S\u00fcdtirol"},"content":{"rendered":"<style type=\"text\/css\"> \n#cmsmasters_row_69e08945d3e400_18514502 .cmsmasters_row_outer_parent { \n\tpadding-top: 50px; \n} \n\n#cmsmasters_row_69e08945d3e400_18514502 .cmsmasters_row_outer_parent { \n\tpadding-bottom: 40px; \n} \n\n<\/style><div id=\"cmsmasters_row_69e08945d3e400_18514502\" class=\"cmsmasters_row cmsmasters_color_scheme_default cmsmasters_row_top_default cmsmasters_row_bot_default cmsmasters_row_boxed\">\n<div class=\"cmsmasters_row_outer_parent\">\n<div class=\"cmsmasters_row_outer\">\n<div class=\"cmsmasters_row_inner\">\n<div class=\"cmsmasters_row_margin\">\n<div class=\"cmsmasters_column one_first\">\n<div class=\"cmsmasters_text\">\n<h2>Motorradfahren liegt immer im Trend<\/h2>\n<p>Die Lust am Individualurlaub, Abenteuer, wilde Romantik, Naturverbundenheit und die Leidenschaft f\u00fcrs Biken steht im Vordergrund. Bei uns im S\u00fcdlichen Wipptal, an der Sonnenseite des Brenners, denkt man sofort an die traumhaften Passstra\u00dfen, die zum Biken geradezu wie geschaffen sind. Jaufenpass, Penserjoch, Timmelsjoch und viele, viele Touren in den S\u00fcdtiroler Dolomiten laden zum Cruisen in seiner &#8222;sch\u00f6nsten&#8220; Form ein.<\/p>\n<p><strong>Unser Hotel ist der ideale Ausgangspunkt f\u00fcr Ihre Tour:<\/strong><\/p>\n<p><strong>2 P\u00e4sse-Tour: Jaufenpass &#8211; Timmelsjoch<\/strong><br \/>\nSteckenverlauf: Sterzing (948 mt.) &#8211; Gasteig &#8211; Jaufenpass (2099 mt.) &#8211; St.Leonhard &#8211; Moos im Passeier &#8211; Timmelsjoch (2483 mt.) (Mautpflichtig !) &#8211; \u00d6tztal (S\u00f6lden) &#8211; Telfs &#8211; Innsbruck (600 mt.)- entlang der alten Brennerstra\u00dfe \u00fcber Matrei und Steinach zum Brennerpass, dann \u00fcber Gossensass nach Sterzing.<br \/>\n<em>Tagestour, L\u00e4nge: 197 km &#8211; anspruchsvoll<\/em><\/p>\n<p><strong>2 P\u00e4sse-Tour: Penserjoch &#8211; Jaufenpass<\/strong><br \/>\nStreckenverlauf: Sterzing &#8211; Penserjoch (2211 mt.) &#8211; durch das Sarntal nach Bozen &#8211; Meran &#8211; \u00fcber das Passeiertal bis nach St. Leonhard &#8211; Jaufenpass (2099 mt.) &#8211; Gasteig &#8211; Sterzing.<br \/>\n<em>Tagestour, L\u00e4nge 166 km &#8211; f\u00fcr ge\u00fcbte Fahrer<\/em><\/p>\n<p><strong>Gro\u00dfe Dolomitenrundfahrt<\/strong><br \/>\nStreckenverlauf: von Sterzing bis nach Klausen (ca. 40km) &#8211; ins Gr\u00f6dnertal &#8211; Sellajoch (2187 mt.) &#8211; Pordoijoch (2248 mt.), weiter \u00fcber den Falzaregopass (2150 mt.) nach Cortina. Misurinasee mit Dreizinnen-Blick &#8211; Toblach &#8211; Bruneck &#8211; Brixen &#8211; Sterzing.<br \/>\n<em>Tagestour, L\u00e4nge 200 km &#8211; anspruchsvoll<\/em><\/p>\n<\/div>\n<\/div>\n<\/div>\n<\/div>\n<\/div>\n<\/div>\n<\/div>\n\n","protected":false},"excerpt":{"rendered":"","protected":false},"author":1,"featured_media":0,"parent":16,"menu_order":0,"comment_status":"closed","ping_status":"closed","template":"","meta":{"footnotes":""},"class_list":["post-269","page","type-page","status-publish","hentry"],"_links":{"self":[{"href":"https:\/\/sterzingermoos.it\/hotel\/wp-json\/wp\/v2\/pages\/269","targetHints":{"allow":["GET"]}}],"collection":[{"href":"https:\/\/sterzingermoos.it\/hotel\/wp-json\/wp\/v2\/pages"}],"about":[{"href":"https:\/\/sterzingermoos.it\/hotel\/wp-json\/wp\/v2\/types\/page"}],"author":[{"embeddable":true,"href":"https:\/\/sterzingermoos.it\/hotel\/wp-json\/wp\/v2\/users\/1"}],"replies":[{"embeddable":true,"href":"https:\/\/sterzingermoos.it\/hotel\/wp-json\/wp\/v2\/comments?post=269"}],"version-history":[{"count":2,"href":"https:\/\/sterzingermoos.it\/hotel\/wp-json\/wp\/v2\/pages\/269\/revisions"}],"predecessor-version":[{"id":3906,"href":"https:\/\/sterzingermoos.it\/hotel\/wp-json\/wp\/v2\/pages\/269\/revisions\/3906"}],"up":[{"embeddable":true,"href":"https:\/\/sterzingermoos.it\/hotel\/wp-json\/wp\/v2\/pages\/16"}],"wp:attachment":[{"href":"https:\/\/sterzingermoos.it\/hotel\/wp-json\/wp\/v2\/media?parent=269"}],"curies":[{"name":"wp","href":"https:\/\/api.w.org\/{rel}","templated":true}]}}