{"id":16,"date":"2015-12-13T19:07:21","date_gmt":"2015-12-13T19:07:21","guid":{"rendered":"http:\/\/sterzingermoos.it\/hotel\/?page_id=16"},"modified":"2017-04-19T13:45:41","modified_gmt":"2017-04-19T13:45:41","slug":"urlaub-sterzing","status":"publish","type":"page","link":"https:\/\/sterzingermoos.it\/hotel\/urlaub-sterzing\/","title":{"rendered":"Sehensw\u00fcrdigkeiten f\u00fcr Ihren Urlaub Sterzing"},"content":{"rendered":"<style type=\"text\/css\"> \n#cmsmasters_row_69f1d28ff28317_17396704 .cmsmasters_row_outer_parent { \n\tpadding-top: 50px; \n} \n\n#cmsmasters_row_69f1d28ff28317_17396704 .cmsmasters_row_outer_parent { \n\tpadding-bottom: 40px; \n} \n\n \n#cmsmasters_heading_69f1d28ff2a2b7_10628453 { \n\ttext-align:left; \n\tmargin-top:0px; \n\tmargin-bottom:20px; \n} \n\n#cmsmasters_heading_69f1d28ff2a2b7_10628453 .cmsmasters_heading { \n\ttext-align:left; \n} \n\n#cmsmasters_heading_69f1d28ff2a2b7_10628453 .cmsmasters_heading, #cmsmasters_heading_69f1d28ff2a2b7_10628453 .cmsmasters_heading a { \n\tfont-weight:normal; \n\tfont-style:normal; \n} \n\n#cmsmasters_heading_69f1d28ff2a2b7_10628453 .cmsmasters_heading_divider { \n} \n\n \n#cmsmasters_divider_69f1d28ff2b158_70487399 { \n\tborder-bottom-width:1px; \n\tborder-bottom-style:solid; \n\tpadding-top:5px; \n\tmargin-bottom:5px; \n} \n \n#cmsmasters_row_69f1d28ff2b3a6_24779665 .cmsmasters_row_outer_parent { \n\tpadding-top: 0px; \n} \n\n#cmsmasters_row_69f1d28ff2b3a6_24779665 .cmsmasters_row_outer_parent { \n\tpadding-bottom: 50px; \n} \n\n \n\n#cmsmasters_fb_69f1d28ff2cfa8_77281623 { \n\tpadding-top:0px; \n\tpadding-bottom:0px; \n\tbackground-color:#5173a6;\n} \n\n#cmsmasters_fb_69f1d28ff2cfa8_77281623 .featured_block_inner { \n\twidth: 100%; \n\tpadding: 20px 50px 20px 50px ; \n\ttext-align: left; \n\tmargin:0 auto; \n\tbackground-color:#5173a6;\n} \n\n#cmsmasters_fb_69f1d28ff2cfa8_77281623 .featured_block_text { \n\ttext-align: left; \n} \n\n \n#cmsmasters_heading_69f1d28ff2d7c2_66315586 { \n\ttext-align:center; \n\tmargin-top:0px; \n\tmargin-bottom:0px; \n} \n\n#cmsmasters_heading_69f1d28ff2d7c2_66315586 .cmsmasters_heading { \n\ttext-align:center; \n} \n\n#cmsmasters_heading_69f1d28ff2d7c2_66315586 .cmsmasters_heading, #cmsmasters_heading_69f1d28ff2d7c2_66315586 .cmsmasters_heading a { \n\tfont-weight:300; \n\tfont-style:normal; \n\tcolor:#ffffff;\n} \n\n#cmsmasters_heading_69f1d28ff2d7c2_66315586 .cmsmasters_heading_divider { \n} \n\n \n#cmsmasters_heading_69f1d28ff2db94_33813718 { \n\ttext-align:center; \n\tmargin-top:0px; \n\tmargin-bottom:20px; \n} \n\n#cmsmasters_heading_69f1d28ff2db94_33813718 .cmsmasters_heading { \n\ttext-align:center; \n} \n\n#cmsmasters_heading_69f1d28ff2db94_33813718 .cmsmasters_heading, #cmsmasters_heading_69f1d28ff2db94_33813718 .cmsmasters_heading a { \n\tfont-size:22px; \n\tfont-weight:300; \n\tfont-style:normal; \n} \n\n#cmsmasters_heading_69f1d28ff2db94_33813718 .cmsmasters_heading_divider { \n} \n\n \n\n#cmsmasters_fb_69f1d28ff2ef63_96714830 { \n\tpadding-top:0px; \n\tpadding-bottom:0px; \n\tbackground-color:#4f8e07;\n} \n\n#cmsmasters_fb_69f1d28ff2ef63_96714830 .featured_block_inner { \n\twidth: 100%; \n\tpadding: 20px 50px 20px 50px ; \n\ttext-align: left; \n\tmargin:0 auto; \n\tbackground-color:#4f8e07;\n} \n\n#cmsmasters_fb_69f1d28ff2ef63_96714830 .featured_block_text { \n\ttext-align: left; \n} \n\n \n#cmsmasters_heading_69f1d28ff2f490_25554499 { \n\ttext-align:center; \n\tmargin-top:0px; \n\tmargin-bottom:0px; \n} \n\n#cmsmasters_heading_69f1d28ff2f490_25554499 .cmsmasters_heading { \n\ttext-align:center; \n} \n\n#cmsmasters_heading_69f1d28ff2f490_25554499 .cmsmasters_heading, #cmsmasters_heading_69f1d28ff2f490_25554499 .cmsmasters_heading a { \n\tfont-weight:300; \n\tfont-style:normal; \n\tcolor:#ffffff;\n} \n\n#cmsmasters_heading_69f1d28ff2f490_25554499 .cmsmasters_heading_divider { \n} \n\n \n#cmsmasters_heading_69f1d28ff2f7d4_79549504 { \n\ttext-align:center; \n\tmargin-top:0px; \n\tmargin-bottom:20px; \n} \n\n#cmsmasters_heading_69f1d28ff2f7d4_79549504 .cmsmasters_heading { \n\ttext-align:center; \n} \n\n#cmsmasters_heading_69f1d28ff2f7d4_79549504 .cmsmasters_heading, #cmsmasters_heading_69f1d28ff2f7d4_79549504 .cmsmasters_heading a { \n\tfont-size:22px; \n\tfont-weight:300; \n\tfont-style:normal; \n} \n\n#cmsmasters_heading_69f1d28ff2f7d4_79549504 .cmsmasters_heading_divider { \n} \n\n \n\n#cmsmasters_fb_69f1d28ff30ab1_21752000 { \n\tpadding-top:0px; \n\tpadding-bottom:0px; \n\tbackground-color:#0ac5d6;\n} \n\n#cmsmasters_fb_69f1d28ff30ab1_21752000 .featured_block_inner { \n\twidth: 100%; \n\tpadding: 20px 50px 20px 50px ; \n\ttext-align: left; \n\tmargin:0 auto; \n\tbackground-color:#0ac5d6;\n} \n\n#cmsmasters_fb_69f1d28ff30ab1_21752000 .featured_block_text { \n\ttext-align: left; \n} \n\n \n#cmsmasters_heading_69f1d28ff31053_35237256 { \n\ttext-align:center; \n\tmargin-top:0px; \n\tmargin-bottom:0px; \n} \n\n#cmsmasters_heading_69f1d28ff31053_35237256 .cmsmasters_heading { \n\ttext-align:center; \n} \n\n#cmsmasters_heading_69f1d28ff31053_35237256 .cmsmasters_heading, #cmsmasters_heading_69f1d28ff31053_35237256 .cmsmasters_heading a { \n\tfont-weight:300; \n\tfont-style:normal; \n\tcolor:#ffffff;\n} \n\n#cmsmasters_heading_69f1d28ff31053_35237256 .cmsmasters_heading_divider { \n} \n\n \n#cmsmasters_heading_69f1d28ff313d9_14332721 { \n\ttext-align:center; \n\tmargin-top:0px; \n\tmargin-bottom:20px; \n} \n\n#cmsmasters_heading_69f1d28ff313d9_14332721 .cmsmasters_heading { \n\ttext-align:center; \n} \n\n#cmsmasters_heading_69f1d28ff313d9_14332721 .cmsmasters_heading, #cmsmasters_heading_69f1d28ff313d9_14332721 .cmsmasters_heading a { \n\tfont-size:22px; \n\tfont-weight:300; \n\tfont-style:normal; \n} \n\n#cmsmasters_heading_69f1d28ff313d9_14332721 .cmsmasters_heading_divider { \n} \n\n \n#cmsmasters_row_69f1d28ff31675_82733746 .cmsmasters_row_outer_parent { \n\tpadding-top: 0px; \n} \n\n#cmsmasters_row_69f1d28ff31675_82733746 .cmsmasters_row_outer_parent { \n\tpadding-bottom: 50px; \n} \n\n \n\n#cmsmasters_fb_69f1d28ff32861_53721462 { \n\tpadding-top:0px; \n\tpadding-bottom:0px; \n\tbackground-color:#f2a624;\n} \n\n#cmsmasters_fb_69f1d28ff32861_53721462 .featured_block_inner { \n\twidth: 100%; \n\tpadding: 20px 50px 20px 50px ; \n\ttext-align: left; \n\tmargin:0 auto; \n\tbackground-color:#f2a624;\n} \n\n#cmsmasters_fb_69f1d28ff32861_53721462 .featured_block_text { \n\ttext-align: left; \n} \n\n \n#cmsmasters_heading_69f1d28ff32d71_89414420 { \n\ttext-align:center; \n\tmargin-top:0px; \n\tmargin-bottom:0px; \n} \n\n#cmsmasters_heading_69f1d28ff32d71_89414420 .cmsmasters_heading { \n\ttext-align:center; \n} \n\n#cmsmasters_heading_69f1d28ff32d71_89414420 .cmsmasters_heading, #cmsmasters_heading_69f1d28ff32d71_89414420 .cmsmasters_heading a { \n\tfont-weight:300; \n\tfont-style:normal; \n\tcolor:#ffffff;\n} \n\n#cmsmasters_heading_69f1d28ff32d71_89414420 .cmsmasters_heading_divider { \n} \n\n \n#cmsmasters_heading_69f1d28ff330d5_48052256 { \n\ttext-align:center; \n\tmargin-top:0px; \n\tmargin-bottom:20px; \n} \n\n#cmsmasters_heading_69f1d28ff330d5_48052256 .cmsmasters_heading { \n\ttext-align:center; \n} \n\n#cmsmasters_heading_69f1d28ff330d5_48052256 .cmsmasters_heading, #cmsmasters_heading_69f1d28ff330d5_48052256 .cmsmasters_heading a { \n\tfont-size:22px; \n\tfont-weight:300; \n\tfont-style:normal; \n} \n\n#cmsmasters_heading_69f1d28ff330d5_48052256 .cmsmasters_heading_divider { \n} \n\n \n\n#cmsmasters_fb_69f1d28ff34320_22771972 { \n\tpadding-top:0px; \n\tpadding-bottom:0px; \n\tbackground-color:#000000;\n} \n\n#cmsmasters_fb_69f1d28ff34320_22771972 .featured_block_inner { \n\twidth: 100%; \n\tpadding: 20px 50px 20px 50px ; \n\ttext-align: left; \n\tmargin:0 auto; \n\tbackground-color:#000000;\n} \n\n#cmsmasters_fb_69f1d28ff34320_22771972 .featured_block_text { \n\ttext-align: left; \n} \n\n \n#cmsmasters_heading_69f1d28ff34843_85375110 { \n\ttext-align:center; \n\tmargin-top:0px; \n\tmargin-bottom:0px; \n} \n\n#cmsmasters_heading_69f1d28ff34843_85375110 .cmsmasters_heading { \n\ttext-align:center; \n} \n\n#cmsmasters_heading_69f1d28ff34843_85375110 .cmsmasters_heading, #cmsmasters_heading_69f1d28ff34843_85375110 .cmsmasters_heading a { \n\tfont-weight:300; \n\tfont-style:normal; \n\tcolor:#ffffff;\n} \n\n#cmsmasters_heading_69f1d28ff34843_85375110 .cmsmasters_heading_divider { \n} \n\n \n#cmsmasters_heading_69f1d28ff34b66_69963949 { \n\ttext-align:center; \n\tmargin-top:0px; \n\tmargin-bottom:20px; \n} \n\n#cmsmasters_heading_69f1d28ff34b66_69963949 .cmsmasters_heading { \n\ttext-align:center; \n} \n\n#cmsmasters_heading_69f1d28ff34b66_69963949 .cmsmasters_heading, #cmsmasters_heading_69f1d28ff34b66_69963949 .cmsmasters_heading a { \n\tfont-size:22px; \n\tfont-weight:300; \n\tfont-style:normal; \n} \n\n#cmsmasters_heading_69f1d28ff34b66_69963949 .cmsmasters_heading_divider { \n} \n\n \n\n#cmsmasters_fb_69f1d28ff35d66_62702993 { \n\tpadding-top:0px; \n\tpadding-bottom:0px; \n\tbackground-color:#c0c0c0;\n} \n\n#cmsmasters_fb_69f1d28ff35d66_62702993 .featured_block_inner { \n\twidth: 100%; \n\tpadding: 20px 50px 20px 50px ; \n\ttext-align: left; \n\tmargin:0 auto; \n\tbackground-color:#c0c0c0;\n} \n\n#cmsmasters_fb_69f1d28ff35d66_62702993 .featured_block_text { \n\ttext-align: left; \n} \n\n \n#cmsmasters_heading_69f1d28ff362e0_38075475 { \n\ttext-align:center; \n\tmargin-top:0px; \n\tmargin-bottom:0px; \n} \n\n#cmsmasters_heading_69f1d28ff362e0_38075475 .cmsmasters_heading { \n\ttext-align:center; \n} \n\n#cmsmasters_heading_69f1d28ff362e0_38075475 .cmsmasters_heading, #cmsmasters_heading_69f1d28ff362e0_38075475 .cmsmasters_heading a { \n\tfont-weight:300; \n\tfont-style:normal; \n\tcolor:#ffffff;\n} \n\n#cmsmasters_heading_69f1d28ff362e0_38075475 .cmsmasters_heading_divider { \n} \n\n \n#cmsmasters_heading_69f1d28ff366f5_39810399 { \n\ttext-align:center; \n\tmargin-top:0px; \n\tmargin-bottom:20px; \n} \n\n#cmsmasters_heading_69f1d28ff366f5_39810399 .cmsmasters_heading { \n\ttext-align:center; \n} \n\n#cmsmasters_heading_69f1d28ff366f5_39810399 .cmsmasters_heading, #cmsmasters_heading_69f1d28ff366f5_39810399 .cmsmasters_heading a { \n\tfont-size:22px; \n\tfont-weight:300; \n\tfont-style:normal; \n} \n\n#cmsmasters_heading_69f1d28ff366f5_39810399 .cmsmasters_heading_divider { \n} \n\n<\/style><div id=\"cmsmasters_row_69f1d28ff28317_17396704\" class=\"cmsmasters_row cmsmasters_color_scheme_default cmsmasters_row_top_default cmsmasters_row_bot_default cmsmasters_row_boxed\">\n<div class=\"cmsmasters_row_outer_parent\">\n<div class=\"cmsmasters_row_outer\">\n<div class=\"cmsmasters_row_inner\">\n<div class=\"cmsmasters_row_margin\">\n<div class=\"cmsmasters_column one_first\">\n\n<div id=\"cmsmasters_heading_69f1d28ff2a2b7_10628453\" class=\"cmsmasters_heading_wrap cmsmasters_heading_align_left\">\n\t<h2 class=\"cmsmasters_heading\">Die Fuggerstadt Sterzing im mittelalterlichen Flair<\/h2>\n<\/div><div class=\"cmsmasters_text\">\n<p><strong>360\u00b0 Shopping in der malerischen Innenstadt mit pr\u00e4chtigen B\u00fcrgerh\u00e4usern inmitten einer majes\u00f6sen Bergwelt<\/strong><br \/>\nLassen Sie sich bezaubern von der Fuggerstadt Sterzing im S\u00fcdtiroler Wipptal mit ihrem unvergleichlichen Charme, die im 15. Jahrhundert als Bergbaustadt ihre Bl\u00fctzezeit erlebte. Wer einmal da war, wird den einmaligen Eindruck der malersichen Laubenstra\u00dfe entlang der Alt- und Neustadt mit Sicherheit nie vergessen: nicht umsonst erhielt die <a href=\"http:\/\/sterzingermoos.it\/hotel\/umgebung\/die-stadt-sterzing\/\"><strong>Stadt Sterzing<\/strong><\/a> erst vor kurzem den Titel <em>&#8222;I Borghi pi\u00f9 belli d&#8217;Italia&#8220;<\/em> und geh\u00f6rt somit zu einer der sch\u00f6nsten Kleinst\u00e4dte Italiens. Un\u00fcbersehbar auch das schmucke Rathaus mit dem gotischen Ratssaal, in dem bis heute der Sterzinger Stadtrad tagt.<\/p>\n<\/div>\n\n<div id=\"cmsmasters_divider_69f1d28ff2b158_70487399\" class=\"cmsmasters_divider cmsmasters_divider_width_long cmsmasters_divider_pos_center\"><\/div>\n<\/div>\n<\/div>\n<\/div>\n<\/div>\n<\/div>\n<\/div>\n<div id=\"cmsmasters_row_69f1d28ff2b3a6_24779665\" class=\"cmsmasters_row cmsmasters_color_scheme_default cmsmasters_row_top_default cmsmasters_row_bot_default cmsmasters_row_boxed\">\n<div class=\"cmsmasters_row_outer_parent\">\n<div class=\"cmsmasters_row_outer\">\n<div class=\"cmsmasters_row_inner\">\n<div class=\"cmsmasters_row_margin\">\n<div class=\"cmsmasters_column one_third\">\n<div class=\"cmsmasters_img  cmsmasters_image_n\">\n<a href=\"http:\/\/sterzingermoos.it\/hotel\/umgebung\/die-stadt-sterzing\/\"><img decoding=\"async\" src=\"https:\/\/sterzingermoos.it\/hotel\/wp-content\/uploads\/2015\/12\/stadt-sterzing-1.jpg\" \/><\/a>\n<\/div>\n<div id=\"cmsmasters_fb_69f1d28ff2cfa8_77281623\" class=\"cmsmasters_featured_block\">\n<div class=\"featured_block_inner\">\n<div class=\"featured_block_text\">\n<div id=\"cmsmasters_heading_69f1d28ff2d7c2_66315586\" class=\"cmsmasters_heading_wrap cmsmasters_heading_align_center\">\n\t<h2 class=\"cmsmasters_heading\">Vipiteno<\/h2>\n<\/div>\n<\/div>\n<\/div>\n<\/div>\n\n<div id=\"cmsmasters_heading_69f1d28ff2db94_33813718\" class=\"cmsmasters_heading_wrap cmsmasters_heading_align_center\">\n\t<h3 class=\"cmsmasters_heading\"><a href=\"http:\/\/sterzingermoos.it\/hotel\/umgebung\/die-stadt-sterzing\/\">Die Fuggerstadt<\/a><\/h3>\n<\/div>\n<\/div>\n<div class=\"cmsmasters_column one_third\">\n<div class=\"cmsmasters_img  cmsmasters_image_n\">\n<a href=\"http:\/\/sterzingermoos.it\/hotel\/umgebung\/die-ferientaeler\/\"><img decoding=\"async\" src=\"https:\/\/sterzingermoos.it\/hotel\/wp-content\/uploads\/2015\/12\/ferientaeler-wiesen-pfitsch.jpg\" \/><\/a>\n<\/div>\n<div id=\"cmsmasters_fb_69f1d28ff2ef63_96714830\" class=\"cmsmasters_featured_block\">\n<div class=\"featured_block_inner\">\n<div class=\"featured_block_text\">\n<div id=\"cmsmasters_heading_69f1d28ff2f490_25554499\" class=\"cmsmasters_heading_wrap cmsmasters_heading_align_center\">\n\t<h2 class=\"cmsmasters_heading\">Ferienregion<\/h2>\n<\/div>\n<\/div>\n<\/div>\n<\/div>\n\n<div id=\"cmsmasters_heading_69f1d28ff2f7d4_79549504\" class=\"cmsmasters_heading_wrap cmsmasters_heading_align_center\">\n\t<h3 class=\"cmsmasters_heading\"><a href=\"http:\/\/sterzingermoos.it\/hotel\/umgebung\/die-ferientaeler\/\">Die Ferient\u00e4ler der Umgebung<\/a><\/h3>\n<\/div>\n<\/div>\n<div class=\"cmsmasters_column one_third\">\n<div class=\"cmsmasters_img  cmsmasters_image_n\">\n<a href=\"http:\/\/sterzingermoos.it\/hotel\/umgebung\/skiverguengen-am-rosskopf\/\"><img decoding=\"async\" src=\"https:\/\/sterzingermoos.it\/hotel\/wp-content\/uploads\/2015\/12\/skivergnuegen-rosskopf.jpg\" \/><\/a>\n<\/div>\n<div id=\"cmsmasters_fb_69f1d28ff30ab1_21752000\" class=\"cmsmasters_featured_block\">\n<div class=\"featured_block_inner\">\n<div class=\"featured_block_text\">\n<div id=\"cmsmasters_heading_69f1d28ff31053_35237256\" class=\"cmsmasters_heading_wrap cmsmasters_heading_align_center\">\n\t<h2 class=\"cmsmasters_heading\">Skivergn\u00fcgen<\/h2>\n<\/div>\n<\/div>\n<\/div>\n<\/div>\n\n<div id=\"cmsmasters_heading_69f1d28ff313d9_14332721\" class=\"cmsmasters_heading_wrap cmsmasters_heading_align_center\">\n\t<h3 class=\"cmsmasters_heading\"><a href=\"http:\/\/sterzingermoos.it\/hotel\/umgebung\/skiverguengen-am-rosskopf\/\">Ro\u00dfkopf der Hausberg<\/a><\/h3>\n<\/div>\n<\/div>\n<\/div>\n<\/div>\n<\/div>\n<\/div>\n<\/div>\n<div id=\"cmsmasters_row_69f1d28ff31675_82733746\" class=\"cmsmasters_row cmsmasters_color_scheme_default cmsmasters_row_top_default cmsmasters_row_bot_default cmsmasters_row_boxed\">\n<div class=\"cmsmasters_row_outer_parent\">\n<div class=\"cmsmasters_row_outer\">\n<div class=\"cmsmasters_row_inner\">\n<div class=\"cmsmasters_row_margin\">\n<div class=\"cmsmasters_column one_third\">\n<div class=\"cmsmasters_img  cmsmasters_image_n\">\n<a href=\"http:\/\/sterzingermoos.it\/hotel\/umgebung\/wanderurlaub\/\"><img decoding=\"async\" src=\"https:\/\/sterzingermoos.it\/hotel\/wp-content\/uploads\/2015\/12\/wanderurlaub-suedtirol.jpg\" \/><\/a>\n<\/div>\n<div id=\"cmsmasters_fb_69f1d28ff32861_53721462\" class=\"cmsmasters_featured_block\">\n<div class=\"featured_block_inner\">\n<div class=\"featured_block_text\">\n<div id=\"cmsmasters_heading_69f1d28ff32d71_89414420\" class=\"cmsmasters_heading_wrap cmsmasters_heading_align_center\">\n\t<h2 class=\"cmsmasters_heading\">Wandern<\/h2>\n<\/div>\n<\/div>\n<\/div>\n<\/div>\n\n<div id=\"cmsmasters_heading_69f1d28ff330d5_48052256\" class=\"cmsmasters_heading_wrap cmsmasters_heading_align_center\">\n\t<h3 class=\"cmsmasters_heading\"><a href=\"http:\/\/sterzingermoos.it\/hotel\/umgebung\/wanderurlaub\/\">Wanderurlaub in S\u00fcdtirol<\/a><\/h3>\n<\/div>\n<\/div>\n<div class=\"cmsmasters_column one_third\">\n<div class=\"cmsmasters_img  cmsmasters_image_n\">\n<a href=\"http:\/\/sterzingermoos.it\/hotel\/umgebung\/motorradurlaub-in-sterzing-in-suedtirol\/\"><img decoding=\"async\" src=\"https:\/\/sterzingermoos.it\/hotel\/wp-content\/uploads\/2015\/12\/bikerhotel.jpg\" \/><\/a>\n<\/div>\n<div id=\"cmsmasters_fb_69f1d28ff34320_22771972\" class=\"cmsmasters_featured_block\">\n<div class=\"featured_block_inner\">\n<div class=\"featured_block_text\">\n<div id=\"cmsmasters_heading_69f1d28ff34843_85375110\" class=\"cmsmasters_heading_wrap cmsmasters_heading_align_center\">\n\t<h2 class=\"cmsmasters_heading\">Biken &amp; more<\/h2>\n<\/div>\n<\/div>\n<\/div>\n<\/div>\n\n<div id=\"cmsmasters_heading_69f1d28ff34b66_69963949\" class=\"cmsmasters_heading_wrap cmsmasters_heading_align_center\">\n\t<h3 class=\"cmsmasters_heading\"><a href=\"http:\/\/sterzingermoos.it\/hotel\/umgebung\/motorradurlaub-in-sterzing-in-suedtirol\/\">Motorradurlaub in S\u00fcdtirol<\/a><\/h3>\n<\/div>\n<\/div>\n<div class=\"cmsmasters_column one_third\">\n<div class=\"cmsmasters_img  cmsmasters_image_n\">\n<a href=\"http:\/\/sterzingermoos.it\/hotel\/interaktive-umgebungskarte\/\" target=\"_blank\"><img decoding=\"async\" src=\"https:\/\/sterzingermoos.it\/hotel\/wp-content\/uploads\/2015\/12\/panoramakarte.jpg\" \/><\/a>\n<\/div>\n<div id=\"cmsmasters_fb_69f1d28ff35d66_62702993\" class=\"cmsmasters_featured_block\">\n<div class=\"featured_block_inner\">\n<div class=\"featured_block_text\">\n<div id=\"cmsmasters_heading_69f1d28ff362e0_38075475\" class=\"cmsmasters_heading_wrap cmsmasters_heading_align_center\">\n\t<h2 class=\"cmsmasters_heading\">Interaktiv<\/h2>\n<\/div>\n<\/div>\n<\/div>\n<\/div>\n\n<div id=\"cmsmasters_heading_69f1d28ff366f5_39810399\" class=\"cmsmasters_heading_wrap cmsmasters_heading_align_center\">\n\t<h3 class=\"cmsmasters_heading\"><a href=\"http:\/\/sterzingermoos.it\/hotel\/interaktive-umgebungskarte\/\" target=\"_blank\">Interaktive Wanderkarte<\/a><\/h3>\n<\/div>\n<\/div>\n<\/div>\n<\/div>\n<\/div>\n<\/div>\n<\/div>\n\n","protected":false},"excerpt":{"rendered":"","protected":false},"author":1,"featured_media":0,"parent":0,"menu_order":0,"comment_status":"closed","ping_status":"closed","template":"","meta":{"footnotes":""},"class_list":["post-16","page","type-page","status-publish","hentry"],"_links":{"self":[{"href":"https:\/\/sterzingermoos.it\/hotel\/wp-json\/wp\/v2\/pages\/16","targetHints":{"allow":["GET"]}}],"collection":[{"href":"https:\/\/sterzingermoos.it\/hotel\/wp-json\/wp\/v2\/pages"}],"about":[{"href":"https:\/\/sterzingermoos.it\/hotel\/wp-json\/wp\/v2\/types\/page"}],"author":[{"embeddable":true,"href":"https:\/\/sterzingermoos.it\/hotel\/wp-json\/wp\/v2\/users\/1"}],"replies":[{"embeddable":true,"href":"https:\/\/sterzingermoos.it\/hotel\/wp-json\/wp\/v2\/comments?post=16"}],"version-history":[{"count":5,"href":"https:\/\/sterzingermoos.it\/hotel\/wp-json\/wp\/v2\/pages\/16\/revisions"}],"predecessor-version":[{"id":4459,"href":"https:\/\/sterzingermoos.it\/hotel\/wp-json\/wp\/v2\/pages\/16\/revisions\/4459"}],"wp:attachment":[{"href":"https:\/\/sterzingermoos.it\/hotel\/wp-json\/wp\/v2\/media?parent=16"}],"curies":[{"name":"wp","href":"https:\/\/api.w.org\/{rel}","templated":true}]}}