{"id":12,"date":"2015-12-13T18:56:51","date_gmt":"2015-12-13T18:56:51","guid":{"rendered":"http:\/\/sterzingermoos.it\/hotel\/?page_id=12"},"modified":"2026-01-02T12:19:33","modified_gmt":"2026-01-02T12:19:33","slug":"die-stadt-sterzing","status":"publish","type":"page","link":"https:\/\/sterzingermoos.it\/hotel\/urlaub-sterzing\/die-stadt-sterzing\/","title":{"rendered":"Die Stadt Sterzing"},"content":{"rendered":"<style type=\"text\/css\"> \n#cmsmasters_row_69e79023684e09_95213516 .cmsmasters_row_outer_parent { \n\tpadding-top: 50px; \n} \n\n#cmsmasters_row_69e79023684e09_95213516 .cmsmasters_row_outer_parent { \n\tpadding-bottom: 40px; \n} \n\n \n#cmsmasters_heading_69e79023685a73_97862384 { \n\ttext-align:left; \n\tmargin-top:0px; \n\tmargin-bottom:20px; \n} \n\n#cmsmasters_heading_69e79023685a73_97862384 .cmsmasters_heading { \n\ttext-align:left; \n} \n\n#cmsmasters_heading_69e79023685a73_97862384 .cmsmasters_heading, #cmsmasters_heading_69e79023685a73_97862384 .cmsmasters_heading a { \n\tfont-weight:normal; \n\tfont-style:normal; \n} \n\n#cmsmasters_heading_69e79023685a73_97862384 .cmsmasters_heading_divider { \n} \n\n \n#cmsmasters_row_69e79023686862_48393629 .cmsmasters_row_outer_parent { \n\tpadding-top: 0px; \n} \n\n#cmsmasters_row_69e79023686862_48393629 .cmsmasters_row_outer_parent { \n\tpadding-bottom: 50px; \n} \n\n #cmsmasters_icon_list_items_69e7902368b097_19512119 { \n\tpadding-left:40px; \n} \n\n#cmsmasters_icon_list_items_69e7902368b097_19512119 .cmsmasters_icon_list_item:before { \n\tfont-size:20px; \n\tleft:-40px; \n} \n<\/style><div id=\"cmsmasters_row_69e79023684e09_95213516\" class=\"cmsmasters_row cmsmasters_color_scheme_default cmsmasters_row_top_default cmsmasters_row_bot_default cmsmasters_row_boxed\">\n<div class=\"cmsmasters_row_outer_parent\">\n<div class=\"cmsmasters_row_outer\">\n<div class=\"cmsmasters_row_inner\">\n<div class=\"cmsmasters_row_margin\">\n<div class=\"cmsmasters_column one_first\">\n\n<div id=\"cmsmasters_heading_69e79023685a73_97862384\" class=\"cmsmasters_heading_wrap cmsmasters_heading_align_left\">\n\t<h2 class=\"cmsmasters_heading\">Kleiner geschichtlicher Einblick in unsere sch\u00f6ne Stadt Sterzing<\/h2>\n<\/div><div class=\"cmsmasters_text\">\n<p>Bereits zur R\u00f6merzeit gab es die Stra\u00dfenstation <strong>VIPITENUM<\/strong>. Im Mittelalter kamen die Bajuwaren \u00fcber den Brennerpass und es entstand die Ortschaft <strong><a href=\"http:\/\/www.sterzing.com\" target=\"_blank\" rel=\"noopener\">STERZING<\/a><\/strong>;<br \/>\nurkundlich erstmals 1180 erw\u00e4hnt. Landesf\u00fcrst Graf Meinrad II. verlieh um 1280 Sterzing das Stadtrecht. Ein verheerender Brand zerst\u00f6rte 1443 viele H\u00e4user und der wieder errichtete neue Stadtteil hei\u00dft seither NEUSTADT. Sie erstreckt sich vom 46 mt. hohen ZW\u00d6LFERTURM bis zum unteren Tor (UNTERTORPLATZ).<br \/>\nDie Stra\u00dfe durch die NEUSTADT gilt auch als sch\u00f6nste Tirols flankiert von den gro\u00dfen und kleinen <strong>Lauben<\/strong> sowie von pr\u00e4chtigen B\u00fcrgerh\u00e4usern.<br \/>\nDie Neustadt mit den stattlichen H\u00e4usern des 15. und 16. Jahrhunderts, der <a href=\"http:\/\/sterzingermoos.it\/hotel\/umgebung\/die-ferientaeler\/\"><strong>Bl\u00fctezeit des Bergbaus<\/strong><\/a>,\u00a0bietet ein zauberhaftes Stadtbild und wurde in das Verzeichnis der sch\u00f6nsten Altst\u00e4dte aufgenommen.<\/p>\n<\/div>\n<\/div>\n<\/div>\n<\/div>\n<\/div>\n<\/div>\n<\/div>\n<div id=\"cmsmasters_row_69e79023686862_48393629\" class=\"cmsmasters_row cmsmasters_color_scheme_default cmsmasters_row_top_default cmsmasters_row_bot_default cmsmasters_row_boxed\">\n<div class=\"cmsmasters_row_outer_parent\">\n<div class=\"cmsmasters_row_outer\">\n<div class=\"cmsmasters_row_inner\">\n<div class=\"cmsmasters_row_margin\">\n<div class=\"cmsmasters_column one_half\">\n<div class=\"cmsmasters_content_slider_wrap\" style=\"max-width:px;\">\n<script type=\"text\/javascript\">jQuery(document).ready(function () { jQuery(\"#cmsmasters_slider_69e790236870d8_71054681.cmsmasters_content_slider\").owlCarousel( { singleItem : true, transitionStyle: false, rewindSpeed : 1000, slideSpeed : 600, autoHeight : true, paginationSpeed : \t600, autoPlay : 7000,stopOnHover: true, navigationText : \t[ \"<span class=\\\"cmsmasters_prev_arrow\\\"><span><\/span><\/span>\", \"<span class=\\\"cmsmasters_next_arrow\\\"><span><\/span><\/span>\" ] } );} );<\/script>\n<div id=\"cmsmasters_slider_69e790236870d8_71054681\" class=\"cmsmasters_content_slider cmsmasters_owl_slider owl-carousel\">\n<div class=\"cmsmasters_content_slider_item\"><img loading=\"lazy\" decoding=\"async\" width=\"1000\" height=\"793\" src=\"https:\/\/sterzingermoos.it\/hotel\/wp-content\/uploads\/2015\/12\/reifenstein.jpg\" class=\"attachment-full size-full\" alt=\"\" srcset=\"https:\/\/sterzingermoos.it\/hotel\/wp-content\/uploads\/2015\/12\/reifenstein.jpg 1000w, https:\/\/sterzingermoos.it\/hotel\/wp-content\/uploads\/2015\/12\/reifenstein-300x238.jpg 300w, https:\/\/sterzingermoos.it\/hotel\/wp-content\/uploads\/2015\/12\/reifenstein-768x609.jpg 768w, https:\/\/sterzingermoos.it\/hotel\/wp-content\/uploads\/2015\/12\/reifenstein-200x159.jpg 200w, https:\/\/sterzingermoos.it\/hotel\/wp-content\/uploads\/2015\/12\/reifenstein-580x460.jpg 580w, https:\/\/sterzingermoos.it\/hotel\/wp-content\/uploads\/2015\/12\/reifenstein-860x682.jpg 860w\" sizes=\"auto, (max-width: 1000px) 100vw, 1000px\" \/><\/div><div class=\"cmsmasters_content_slider_item\"><img loading=\"lazy\" decoding=\"async\" width=\"1000\" height=\"793\" src=\"https:\/\/sterzingermoos.it\/hotel\/wp-content\/uploads\/2015\/12\/multscher.jpg\" class=\"attachment-full size-full\" alt=\"\" srcset=\"https:\/\/sterzingermoos.it\/hotel\/wp-content\/uploads\/2015\/12\/multscher.jpg 1000w, https:\/\/sterzingermoos.it\/hotel\/wp-content\/uploads\/2015\/12\/multscher-300x238.jpg 300w, https:\/\/sterzingermoos.it\/hotel\/wp-content\/uploads\/2015\/12\/multscher-768x609.jpg 768w, https:\/\/sterzingermoos.it\/hotel\/wp-content\/uploads\/2015\/12\/multscher-200x159.jpg 200w, https:\/\/sterzingermoos.it\/hotel\/wp-content\/uploads\/2015\/12\/multscher-580x460.jpg 580w, https:\/\/sterzingermoos.it\/hotel\/wp-content\/uploads\/2015\/12\/multscher-860x682.jpg 860w\" sizes=\"auto, (max-width: 1000px) 100vw, 1000px\" \/><\/div><div class=\"cmsmasters_content_slider_item\"><img loading=\"lazy\" decoding=\"async\" width=\"1000\" height=\"793\" src=\"https:\/\/sterzingermoos.it\/hotel\/wp-content\/uploads\/2015\/12\/rathaus.jpg\" class=\"attachment-full size-full\" alt=\"\" srcset=\"https:\/\/sterzingermoos.it\/hotel\/wp-content\/uploads\/2015\/12\/rathaus.jpg 1000w, https:\/\/sterzingermoos.it\/hotel\/wp-content\/uploads\/2015\/12\/rathaus-300x238.jpg 300w, https:\/\/sterzingermoos.it\/hotel\/wp-content\/uploads\/2015\/12\/rathaus-768x609.jpg 768w, https:\/\/sterzingermoos.it\/hotel\/wp-content\/uploads\/2015\/12\/rathaus-200x159.jpg 200w, https:\/\/sterzingermoos.it\/hotel\/wp-content\/uploads\/2015\/12\/rathaus-580x460.jpg 580w, https:\/\/sterzingermoos.it\/hotel\/wp-content\/uploads\/2015\/12\/rathaus-860x682.jpg 860w\" sizes=\"auto, (max-width: 1000px) 100vw, 1000px\" \/><\/div><div class=\"cmsmasters_content_slider_item\"><img loading=\"lazy\" decoding=\"async\" width=\"1000\" height=\"793\" src=\"https:\/\/sterzingermoos.it\/hotel\/wp-content\/uploads\/2015\/12\/nepomuk.jpg\" class=\"attachment-full size-full\" alt=\"\" srcset=\"https:\/\/sterzingermoos.it\/hotel\/wp-content\/uploads\/2015\/12\/nepomuk.jpg 1000w, https:\/\/sterzingermoos.it\/hotel\/wp-content\/uploads\/2015\/12\/nepomuk-300x238.jpg 300w, https:\/\/sterzingermoos.it\/hotel\/wp-content\/uploads\/2015\/12\/nepomuk-768x609.jpg 768w, https:\/\/sterzingermoos.it\/hotel\/wp-content\/uploads\/2015\/12\/nepomuk-200x159.jpg 200w, https:\/\/sterzingermoos.it\/hotel\/wp-content\/uploads\/2015\/12\/nepomuk-580x460.jpg 580w, https:\/\/sterzingermoos.it\/hotel\/wp-content\/uploads\/2015\/12\/nepomuk-860x682.jpg 860w\" sizes=\"auto, (max-width: 1000px) 100vw, 1000px\" \/><\/div><div class=\"cmsmasters_content_slider_item\"><\/div><div class=\"cmsmasters_content_slider_item\"><\/div><div class=\"cmsmasters_content_slider_item\"><\/div><\/div>\n<\/div>\n<\/div>\n<div class=\"cmsmasters_column one_half\">\n<div class=\"cmsmasters_text\">\n<p><strong>Sterzings Sehensw\u00fcrdigkeiten:<br \/>\n<\/strong><\/p>\n<\/div>\n \n<ul id=\"cmsmasters_icon_list_items_69e7902368b097_19512119\" class=\"cmsmasters_icon_list_items cmsmasters_icon_list_type_list cmsmasters_icon_list_pos_left cmsmasters_color_type_border\" data-animation=\"flipInX\" data-delay=\"0\"><li id=\"cmsmasters_icon_list_item_69e7902368b461_97695727\" class=\"cmsmasters_icon_list_item cmsmasters-icon-ok-2\">Zw\u00f6lferturm<\/li><li id=\"cmsmasters_icon_list_item_69e7902368b588_27844020\" class=\"cmsmasters_icon_list_item cmsmasters-icon-ok-2\">Hl. Geist Spitalkirche am Stadtplatz<\/li><li id=\"cmsmasters_icon_list_item_69e7902368b665_52331580\" class=\"cmsmasters_icon_list_item cmsmasters-icon-ok-2\">Nepomuk-Denkmal<\/li><li id=\"cmsmasters_icon_list_item_69e7902368b724_51691430\" class=\"cmsmasters_icon_list_item cmsmasters-icon-ok-2\">Rathaus mit r\u00f6mischem Meilenstein<\/li><li id=\"cmsmasters_icon_list_item_69e7902368b7e5_07766626\" class=\"cmsmasters_icon_list_item cmsmasters-icon-ok-2\">Multscher- und Stadtmuseum im Deutschordenshaus<\/li><li id=\"cmsmasters_icon_list_item_69e7902368b8a4_07063514\" class=\"cmsmasters_icon_list_item cmsmasters-icon-ok-2\">Stadtpfarrkirche \u2033Unsere Liebe Frau im Moos\u2033<\/li><li id=\"cmsmasters_icon_list_item_69e7902368b967_82130886\" class=\"cmsmasters_icon_list_item cmsmasters-icon-ok-2\">Schloss Reifenstein<\/li><\/ul>\n<\/div>\n<\/div>\n<\/div>\n<\/div>\n<\/div>\n<\/div>\n\n","protected":false},"excerpt":{"rendered":"<p>aushuzg<\/p>\n","protected":false},"author":1,"featured_media":0,"parent":16,"menu_order":0,"comment_status":"closed","ping_status":"closed","template":"","meta":{"footnotes":""},"class_list":["post-12","page","type-page","status-publish","hentry"],"_links":{"self":[{"href":"https:\/\/sterzingermoos.it\/hotel\/wp-json\/wp\/v2\/pages\/12","targetHints":{"allow":["GET"]}}],"collection":[{"href":"https:\/\/sterzingermoos.it\/hotel\/wp-json\/wp\/v2\/pages"}],"about":[{"href":"https:\/\/sterzingermoos.it\/hotel\/wp-json\/wp\/v2\/types\/page"}],"author":[{"embeddable":true,"href":"https:\/\/sterzingermoos.it\/hotel\/wp-json\/wp\/v2\/users\/1"}],"replies":[{"embeddable":true,"href":"https:\/\/sterzingermoos.it\/hotel\/wp-json\/wp\/v2\/comments?post=12"}],"version-history":[{"count":6,"href":"https:\/\/sterzingermoos.it\/hotel\/wp-json\/wp\/v2\/pages\/12\/revisions"}],"predecessor-version":[{"id":5750,"href":"https:\/\/sterzingermoos.it\/hotel\/wp-json\/wp\/v2\/pages\/12\/revisions\/5750"}],"up":[{"embeddable":true,"href":"https:\/\/sterzingermoos.it\/hotel\/wp-json\/wp\/v2\/pages\/16"}],"wp:attachment":[{"href":"https:\/\/sterzingermoos.it\/hotel\/wp-json\/wp\/v2\/media?parent=12"}],"curies":[{"name":"wp","href":"https:\/\/api.w.org\/{rel}","templated":true}]}}