{"id":4202,"date":"2022-12-11T13:00:32","date_gmt":"2022-12-11T13:00:32","guid":{"rendered":"http:\/\/sterzingermoos.it\/hotel\/it\/?page_id=4202"},"modified":"2022-12-23T12:21:05","modified_gmt":"2022-12-23T12:21:05","slug":"impresso-privacy-2","status":"publish","type":"page","link":"https:\/\/sterzingermoos.it\/hotel\/it\/impresso-privacy-2\/","title":{"rendered":"Impresso &#038; privacy"},"content":{"rendered":"<style type=\"text\/css\"> \n#cmsmasters_row_69e761b54a5f25_42162899 .cmsmasters_row_outer_parent { \n\tpadding-top: 50px; \n} \n\n#cmsmasters_row_69e761b54a5f25_42162899 .cmsmasters_row_outer_parent { \n\tpadding-bottom: 40px; \n} \n\n \n#cmsmasters_heading_69e761b54a69a8_73062167 { \n\ttext-align:left; \n\tmargin-top:0px; \n\tmargin-bottom:20px; \n} \n\n#cmsmasters_heading_69e761b54a69a8_73062167 .cmsmasters_heading { \n\ttext-align:left; \n} \n\n#cmsmasters_heading_69e761b54a69a8_73062167 .cmsmasters_heading, #cmsmasters_heading_69e761b54a69a8_73062167 .cmsmasters_heading a { \n\tfont-weight:normal; \n\tfont-style:normal; \n} \n\n#cmsmasters_heading_69e761b54a69a8_73062167 .cmsmasters_heading_divider { \n} \n\n \n#cmsmasters_heading_69e761b54a7248_89363148 { \n\ttext-align:left; \n\tmargin-top:0px; \n\tmargin-bottom:20px; \n} \n\n#cmsmasters_heading_69e761b54a7248_89363148 .cmsmasters_heading { \n\ttext-align:left; \n} \n\n#cmsmasters_heading_69e761b54a7248_89363148 .cmsmasters_heading, #cmsmasters_heading_69e761b54a7248_89363148 .cmsmasters_heading a { \n\tfont-weight:normal; \n\tfont-style:normal; \n} \n\n#cmsmasters_heading_69e761b54a7248_89363148 .cmsmasters_heading_divider { \n} \n\n \n#cmsmasters_row_69e761b54a75b3_29035726 .cmsmasters_row_outer_parent { \n\tpadding-top: 0px; \n} \n\n#cmsmasters_row_69e761b54a75b3_29035726 .cmsmasters_row_outer_parent { \n\tpadding-bottom: 50px; \n} \n\n \n#cmsmasters_divider_69e761b54a7cd5_78352708 { \n\tborder-bottom-width:1px; \n\tborder-bottom-style:dotted; \n\tpadding-top:2px; \n\tmargin-bottom:2px; \n} \n \n#cmsmasters_row_69e761b54a7e46_89450026 .cmsmasters_row_outer_parent { \n\tpadding-top: 0px; \n} \n\n#cmsmasters_row_69e761b54a7e46_89450026 .cmsmasters_row_outer_parent { \n\tpadding-bottom: 50px; \n} \n\n<\/style><div id=\"cmsmasters_row_69e761b54a5f25_42162899\" class=\"cmsmasters_row cmsmasters_color_scheme_default cmsmasters_row_top_default cmsmasters_row_bot_default cmsmasters_row_boxed\">\n<div class=\"cmsmasters_row_outer_parent\">\n<div class=\"cmsmasters_row_outer\">\n<div class=\"cmsmasters_row_inner\">\n<div class=\"cmsmasters_row_margin\">\n<div class=\"cmsmasters_column one_half\">\n\n<div id=\"cmsmasters_heading_69e761b54a69a8_73062167\" class=\"cmsmasters_heading_wrap cmsmasters_heading_align_left\">\n\t<h3 class=\"cmsmasters_heading cmsmasters-icon-glasses-1\">Propietario e responsabile<\/h3>\n<\/div><div class=\"cmsmasters_text\">\n<p><strong>Hotel Sterzinger Moos sas<\/strong><br \/>\nFamiglia Christian Plank<br \/>\nVia Palude 4<br \/>\nI-39049 Vipiteno<br \/>\nTel.: +39 0472 765542<br \/>\nFax.: +39 0472 766447<br \/>\nE-Mail: <a href=\"mailto:info@sterzingermoos.com\">info@sterzingermoos.com<\/a><\/p>\n<\/div>\n<\/div>\n<div class=\"cmsmasters_column one_half\">\n\n<div id=\"cmsmasters_heading_69e761b54a7248_89363148\" class=\"cmsmasters_heading_wrap cmsmasters_heading_align_left\">\n\t<h3 class=\"cmsmasters_heading cmsmasters-icon-monitor\">Programmazione &amp; concetto<\/h3>\n<\/div><div class=\"cmsmasters_text\">\n<p><strong><a href=\"http:\/\/www.studio-creation.it\" target=\"_blank\" rel=\"noopener\">Agenzia Internet Alto Adige<\/a>:<\/strong><br \/>\n<a href=\"http:\/\/www.studio-creation.it\" target=\"_blank\" rel=\"noopener\">Agenzia Pubblicitaria Alto Adige Studio Creation<\/a><\/p>\n<p>Sch\u00f6zhorn &amp; Hohenegger<br \/>\nVia Citt\u00e0 Nuova 20A<br \/>\n39049 Vipiteno<\/p>\n<\/div>\n<\/div>\n<\/div>\n<\/div>\n<\/div>\n<\/div>\n<\/div>\n<div id=\"cmsmasters_row_69e761b54a75b3_29035726\" class=\"cmsmasters_row cmsmasters_color_scheme_default cmsmasters_row_top_default cmsmasters_row_bot_default cmsmasters_row_boxed\">\n<div class=\"cmsmasters_row_outer_parent\">\n<div class=\"cmsmasters_row_outer\">\n<div class=\"cmsmasters_row_inner\">\n<div class=\"cmsmasters_row_margin\">\n<div class=\"cmsmasters_column one_first\">\n\n<div id=\"cmsmasters_divider_69e761b54a7cd5_78352708\" class=\"cmsmasters_divider cmsmasters_divider_width_long cmsmasters_divider_pos_center\"><\/div>\n<\/div>\n<\/div>\n<\/div>\n<\/div>\n<\/div>\n<\/div>\n<div id=\"cmsmasters_row_69e761b54a7e46_89450026\" class=\"cmsmasters_row cmsmasters_color_scheme_default cmsmasters_row_top_default cmsmasters_row_bot_default cmsmasters_row_boxed\">\n<div class=\"cmsmasters_row_outer_parent\">\n<div class=\"cmsmasters_row_outer\">\n<div class=\"cmsmasters_row_inner\">\n<div class=\"cmsmasters_row_margin\">\n<div class=\"cmsmasters_column one_first\">\n<div class=\"cmsmasters_toggles toggles_mode_toggle\">\n<div id=\"cmsmasters_toggle_69e761b54ab72\" class=\"cmsmasters_toggle_wrap current_toggle\" data-tags=\"all \">\n<div class=\"cmsmasters_toggle_title\">\n<span class=\"cmsmasters_toggle_plus\">\n<span class=\"cmsmasters_toggle_plus_hor\"><\/span>\n<span class=\"cmsmasters_toggle_plus_vert\"><\/span>\n<\/span>\n<a href=\"#\">Sicurezza dei dati<\/a>\n<\/div>\n<div class=\"cmsmasters_toggle\">\n<div class=\"cmsmasters_toggle_inner\">\n<p>Titolare del diritto d\u2019autore \u00e8 Hotel Sterzingermoos. Ogni riproduzione, trasmissione o diffusione del contenuto o parte del contenuto del sito Web richiede il consenso espresso da parte di Hotel Sterzingermoos. Il contenuto del presente sito Web \u00e8 a scopo esclusivamente informativo. Hotel Sterzingermoos declina ogni responsabilit\u00e0 in merito ad azioni od omissioni basate sull\u2019utilizzo delle informazioni e degli articoli contenuti nel presente sito Web. Hotel Sterzingermoos non \u00e8 responsabile per, n\u00e9 di per s\u00e9 approva, i contenuti forniti da terzi accessibili dal presente sito Web (es. contenuti accessibili tramite i \u201cLink\u201d).<\/p>\n<\/div>\n<\/div>\n<\/div><div id=\"cmsmasters_toggle_69e761b54abb9\" class=\"cmsmasters_toggle_wrap\" data-tags=\"all \">\n<div class=\"cmsmasters_toggle_title\">\n<span class=\"cmsmasters_toggle_plus\">\n<span class=\"cmsmasters_toggle_plus_hor\"><\/span>\n<span class=\"cmsmasters_toggle_plus_vert\"><\/span>\n<\/span>\n<a href=\"#\">Privacy<\/a>\n<\/div>\n<div class=\"cmsmasters_toggle\">\n<div class=\"cmsmasters_toggle_inner\">\n<p>I sistemi informatici e le procedure software preposte al funzionamento di questo sito Web acquisiscono alcuni dati personali la cui trasmissione \u00e8 implicita nell\u2019uso dei protocolli di comunicazione di Internet. Questi dati vengono utilizzati al solo fine di ricavare informazioni statistiche anonime sull\u2019uso del sito Web e per controllarne il corretto funzionamento.<br \/>\nI dati del cliente vengono trattati ai sensi e nel rispetto del D. Lgs. 196\/2003 ed utilizzati esclusivamente alla finalit\u00e0 di rispondere alle richieste del cliente. I dati verranno trattati in forma scritta o forma magnetica\/elettronica, con l\u2019osservanza di ogni misura cautelativa della sicurezza e riservatezza, previste dalla normativa vigente. Senza consenso espresso i dati del cliente non verranno trasmessi a terzi.<br \/>\nIl cliente non \u00e8 obbligato a fornire i dati personali di qualsiasi tipo a Hotel Sterzingermoos. Il loro mancato conferimento pu\u00f2 comportare l\u2019impossibilit\u00e0 di ottenere quanto richiesto. Hotel Sterzingermoos garantisce che le informazioni qui contenute rimarranno strettamente confidenziali.<\/p>\n<\/div>\n<\/div>\n<\/div><div id=\"cmsmasters_toggle_69e761b54abf2\" class=\"cmsmasters_toggle_wrap\" data-tags=\"all \">\n<div class=\"cmsmasters_toggle_title\">\n<span class=\"cmsmasters_toggle_plus\">\n<span class=\"cmsmasters_toggle_plus_hor\"><\/span>\n<span class=\"cmsmasters_toggle_plus_vert\"><\/span>\n<\/span>\n<a href=\"#\">Informativa sui cookies HTTPs<\/a>\n<\/div>\n<div class=\"cmsmasters_toggle\">\n<div class=\"cmsmasters_toggle_inner\">\n<p><strong>Che cosa \u00e8 un cookie HTTP?<\/strong><br \/>\nI cookie http (anche denominati solamente cookie) sono dei file di testo che vengono utilizzati ad esempio per effettuare autenticazioni automatiche. Inoltre i cookies servono per tracciare le sessioni e memorizzare le informazioni tipiche che riguardano gli user che entrano nel server, come ad esempio dei siti internet che vengono usati spesso oppure acquistando via internet, il contenuto del carello di spesa viene memorizzato.<\/p>\n<p><strong>Perch\u00e9 www.sterzingermoos.it utilizza i cookies?<\/strong><br \/>\nwww.sterzingermoos.it utilizza i cookies assi che pu\u00f2 fornire ai propri visitatori un\u2019esperienza di visita personalizzata il pi\u00f9 possibile intorno alle sue tendenze e gusti. www.sterzingermoos.it consente attraverso i cookies che un utente non ha bisogno di inserire le stesse informazioni sul sito ogni volta che lo accede. I cookies vengono anche utilizzati per migliorare la performance del sito internet. Affinch\u00e9 i propri dati e le informazioni personali non vengano persi o trattati in modo illecito, www.sterzingermoos.it ha preso adeguate misure tecniche ed organizzative.<\/p>\n<p><strong>Come posso disattivare i cookies?<\/strong><br \/>\nPer interrompere singoli cookies o anche tutti \u00e8 possibile modificare il browser con un procedimento molto facile. Vi invitiamo a voler interpellare la sezione \u201caiuto\u201d del Vostro browser. Attenzione: al momento che si disattivano i cookies, i dati personali (sia nome utente che password) non sono pi\u00f9 archiviati sul box di login del sito.<\/p>\n<\/div>\n<\/div>\n<\/div><div id=\"cmsmasters_toggle_69e761b54ac2e\" class=\"cmsmasters_toggle_wrap\" data-tags=\"all \">\n<div class=\"cmsmasters_toggle_title\">\n<span class=\"cmsmasters_toggle_plus\">\n<span class=\"cmsmasters_toggle_plus_hor\"><\/span>\n<span class=\"cmsmasters_toggle_plus_vert\"><\/span>\n<\/span>\n<a href=\"#\">Contributi COVID-19<\/a>\n<\/div>\n<div class=\"cmsmasters_toggle\">\n<div class=\"cmsmasters_toggle_inner\">\n<p>Covid-Sanificazione2020;Agienzia delle Entrate-fatturazioneF24:280,00\u20ac\/\/Contribuzione capitale2020;Agenzia delle Entrate;11.08.2020:5043,00\u20ac\/\/Contribuzione capitale2020;Agenzia delle Entrate;10.11.2020:7565,00\u20ac\/\/Contribuzione capitale2020;Agenzia delle Entrate;09.12.2020:2522,00\u20ac\/\/Contribuzione;Prov.Autonoma di Bolzano;23.12.2020:730,00\u20ac\/\/Contribuzione capitale, Vivande Made in Italy; Agenzia delle Entrate;31.03.2021:9000,00\u20ac\/\/Contribuzione capitale, Vivande Made in Italy; Agenzia delle Entrate;18.05.2021:1000,00\u20ac\/\/Contribuzione capitale, Costi fissi; Prov. Autonoma di Bolzano, Regime quadro nazionale sugli aiuti di Stato-COVID 19 (Art. 54-61 del DL Rilancio come modificato dell`art. 62 DL 104\/2020);Decreto di legge nr. 41 del 22 marzo 2021; 21.09.2021:49398,15\u20ac\/\/Contributo Decreto Sostegni Bis Stagionale (Art. 1, commi da 5 a 15 del decreto di legge 25 maggio 2021, n.73);06.07.2021:13560,00\u20ac\/\/<\/p>\n<p>fino al 09 aprile 2021<\/p>\n<\/div>\n<\/div>\n<\/div><\/div>\n<\/div>\n<\/div>\n<\/div>\n<\/div>\n<\/div>\n<\/div>\n\n","protected":false},"excerpt":{"rendered":"","protected":false},"author":1,"featured_media":0,"parent":0,"menu_order":0,"comment_status":"closed","ping_status":"closed","template":"","meta":{"footnotes":""},"class_list":["post-4202","page","type-page","status-publish","hentry"],"_links":{"self":[{"href":"https:\/\/sterzingermoos.it\/hotel\/it\/wp-json\/wp\/v2\/pages\/4202","targetHints":{"allow":["GET"]}}],"collection":[{"href":"https:\/\/sterzingermoos.it\/hotel\/it\/wp-json\/wp\/v2\/pages"}],"about":[{"href":"https:\/\/sterzingermoos.it\/hotel\/it\/wp-json\/wp\/v2\/types\/page"}],"author":[{"embeddable":true,"href":"https:\/\/sterzingermoos.it\/hotel\/it\/wp-json\/wp\/v2\/users\/1"}],"replies":[{"embeddable":true,"href":"https:\/\/sterzingermoos.it\/hotel\/it\/wp-json\/wp\/v2\/comments?post=4202"}],"version-history":[{"count":7,"href":"https:\/\/sterzingermoos.it\/hotel\/it\/wp-json\/wp\/v2\/pages\/4202\/revisions"}],"predecessor-version":[{"id":5471,"href":"https:\/\/sterzingermoos.it\/hotel\/it\/wp-json\/wp\/v2\/pages\/4202\/revisions\/5471"}],"wp:attachment":[{"href":"https:\/\/sterzingermoos.it\/hotel\/it\/wp-json\/wp\/v2\/media?parent=4202"}],"curies":[{"name":"wp","href":"https:\/\/api.w.org\/{rel}","templated":true}]}}