{"id":4182,"date":"2016-03-23T19:13:53","date_gmt":"2016-03-23T19:13:53","guid":{"rendered":"http:\/\/sterzingermoos.it\/hotel\/it\/?page_id=4182"},"modified":"2021-09-14T10:21:17","modified_gmt":"2021-09-14T10:21:17","slug":"escursioni-alto-adige","status":"publish","type":"page","link":"https:\/\/sterzingermoos.it\/hotel\/it\/vipiteno-dintorni\/escursioni-alto-adige\/","title":{"rendered":"Vacanze escursionistiche"},"content":{"rendered":"<style type=\"text\/css\"> \n#cmsmasters_row_69e0c44c7143f9_63185775 .cmsmasters_row_outer_parent { \n\tpadding-top: 50px; \n} \n\n#cmsmasters_row_69e0c44c7143f9_63185775 .cmsmasters_row_outer_parent { \n\tpadding-bottom: 40px; \n} \n\n \n#cmsmasters_row_69e0c44c7384d5_64175056 .cmsmasters_row_outer_parent { \n\tpadding-top: 0px; \n} \n\n#cmsmasters_row_69e0c44c7384d5_64175056 .cmsmasters_row_outer_parent { \n\tpadding-bottom: 50px; \n} \n\n<\/style><div id=\"cmsmasters_row_69e0c44c7143f9_63185775\" class=\"cmsmasters_row cmsmasters_color_scheme_default cmsmasters_row_top_default cmsmasters_row_bot_default cmsmasters_row_boxed\">\n<div class=\"cmsmasters_row_outer_parent\">\n<div class=\"cmsmasters_row_outer\">\n<div class=\"cmsmasters_row_inner\">\n<div class=\"cmsmasters_row_margin\">\n<div class=\"cmsmasters_column one_half\">\n<div class=\"cmsmasters_text\">\n<h2>Escursioni Alto Adige:<br \/>\nIl piacere dell&#8217;alpinismo a Vipiteno<\/h2>\n<p><strong>Oltre le vette, a seguire i confini dell&#8217;Alto Adige<\/strong><br \/>\nZaino da montagna e scarponi ai piedi, amore per la natura, voglia di sole e aria fresca e un pizzico di resistenza fisica: \u00e8 quanto basta per mettersi in cammino, esplorare i dintorni in lungo e in largo e ammirare il paesaggio dall&#8217;alto. La rete dei sentieri che attraversa Vipiteno e le vallate vicine \u00e8 quanto mai ampia, varia e suggestiva.<br \/>\nLe mete? Scenari naturali di una bellezza straordinaria, scroscianti cascate, gole profonde incise nel candore del marmo, boschi ombrosi e alte quote.<\/p>\n<\/div>\n<\/div>\n<div class=\"cmsmasters_column one_half\">\n<div class=\"cmsmasters_content_slider_wrap\" style=\"max-width:px;\">\n<script type=\"text\/javascript\">jQuery(document).ready(function () { jQuery(\"#cmsmasters_slider_69e0c44c715d27_67414124.cmsmasters_content_slider\").owlCarousel( { singleItem : true, transitionStyle: false, rewindSpeed : 1000, slideSpeed : 600, autoHeight : true, paginationSpeed : \t600, autoPlay : 7000,stopOnHover: true, navigationText : \t[ \"<span class=\\\"cmsmasters_prev_arrow\\\"><span><\/span><\/span>\", \"<span class=\\\"cmsmasters_next_arrow\\\"><span><\/span><\/span>\" ] } );} );<\/script>\n<div id=\"cmsmasters_slider_69e0c44c715d27_67414124\" class=\"cmsmasters_content_slider cmsmasters_owl_slider owl-carousel\">\n<div class=\"cmsmasters_content_slider_item\"><img loading=\"lazy\" decoding=\"async\" width=\"1000\" height=\"793\" src=\"https:\/\/sterzingermoos.it\/hotel\/wp-content\/uploads\/2015\/12\/wanden-in-suedtirol.jpg\" class=\"attachment-full size-full\" alt=\"\" srcset=\"https:\/\/sterzingermoos.it\/hotel\/wp-content\/uploads\/2015\/12\/wanden-in-suedtirol.jpg 1000w, https:\/\/sterzingermoos.it\/hotel\/wp-content\/uploads\/2015\/12\/wanden-in-suedtirol-300x238.jpg 300w, https:\/\/sterzingermoos.it\/hotel\/wp-content\/uploads\/2015\/12\/wanden-in-suedtirol-768x609.jpg 768w, https:\/\/sterzingermoos.it\/hotel\/wp-content\/uploads\/2015\/12\/wanden-in-suedtirol-200x159.jpg 200w, https:\/\/sterzingermoos.it\/hotel\/wp-content\/uploads\/2015\/12\/wanden-in-suedtirol-580x460.jpg 580w, https:\/\/sterzingermoos.it\/hotel\/wp-content\/uploads\/2015\/12\/wanden-in-suedtirol-860x682.jpg 860w\" sizes=\"auto, (max-width: 1000px) 100vw, 1000px\" \/><\/div><div class=\"cmsmasters_content_slider_item\"><img loading=\"lazy\" decoding=\"async\" width=\"1000\" height=\"793\" src=\"https:\/\/sterzingermoos.it\/hotel\/wp-content\/uploads\/2015\/12\/wanderurlaub-suedtirol.jpg\" class=\"attachment-full size-full\" alt=\"\" srcset=\"https:\/\/sterzingermoos.it\/hotel\/wp-content\/uploads\/2015\/12\/wanderurlaub-suedtirol.jpg 1000w, https:\/\/sterzingermoos.it\/hotel\/wp-content\/uploads\/2015\/12\/wanderurlaub-suedtirol-300x238.jpg 300w, https:\/\/sterzingermoos.it\/hotel\/wp-content\/uploads\/2015\/12\/wanderurlaub-suedtirol-768x609.jpg 768w, https:\/\/sterzingermoos.it\/hotel\/wp-content\/uploads\/2015\/12\/wanderurlaub-suedtirol-200x159.jpg 200w, https:\/\/sterzingermoos.it\/hotel\/wp-content\/uploads\/2015\/12\/wanderurlaub-suedtirol-580x460.jpg 580w, https:\/\/sterzingermoos.it\/hotel\/wp-content\/uploads\/2015\/12\/wanderurlaub-suedtirol-860x682.jpg 860w\" sizes=\"auto, (max-width: 1000px) 100vw, 1000px\" \/><\/div><\/div>\n<\/div>\n<\/div>\n<\/div>\n<\/div>\n<\/div>\n<\/div>\n<\/div>\n<div id=\"cmsmasters_row_69e0c44c7384d5_64175056\" class=\"cmsmasters_row cmsmasters_color_scheme_default cmsmasters_row_top_default cmsmasters_row_bot_default cmsmasters_row_boxed\">\n<div class=\"cmsmasters_row_outer_parent\">\n<div class=\"cmsmasters_row_outer\">\n<div class=\"cmsmasters_row_inner\">\n<div class=\"cmsmasters_row_margin\">\n<div class=\"cmsmasters_column one_first\">\n<div class=\"cmsmasters_text\">\n<h2>Tanto movimento all&#8217;aria aperta<\/h2>\n<p><strong>Attivit\u00e0 sportive per tutti i gusti: Mountain Bike, Nordic Walking, Golf &#8230;<\/strong><br \/>\nLe offerte escurionistiche di questo paradiso delle camminate sono gi\u00e0 note. Agli alpinisti pi\u00f9 ambiziosi i dintorni di Vipiteno propongono i ghiacciai delle Alpi Breonie di Levante (con la vetta del Gran Pilastro, 3510 m), delle Alpi Breonie di Ponente (con la cima del Pan di Zucchero, 3505 m) e una miriade di tours di ogni ordine e grado di difficolt\u00e0. I tanti rifugi gestiti della zona sono punti di arrivo e di appoggio ideali. Non meno varie ed interessanti le proposte per le famiglie: tanti rifugi sono facilmente raggiungibili con gli impianti di risalita o brevi camminate.<\/p>\n<p>La zona \u00e8 inoltre ideale per i patiti delle due ruote: lungo vecchie strade militari o forestali si susseguono tracciati vari e interessanti per chi \u00e8 alle prime armi o in sella da tempo. Per non parlare poi delle infinite possibilit\u00e0 di praticare i pi\u00f9 svariati sport estivi: dal tennis al (mini)golf, dal rafting alla pesca, dal parapendio all&#8217;equitazione. E, per chi ama il golf, non manca nemmeno un campo da golf a 7 buche con tanto di pitching e putting green.<\/p>\n<\/div>\n<\/div>\n<\/div>\n<\/div>\n<\/div>\n<\/div>\n<\/div>\n\n","protected":false},"excerpt":{"rendered":"","protected":false},"author":1,"featured_media":0,"parent":4115,"menu_order":0,"comment_status":"closed","ping_status":"closed","template":"","meta":{"footnotes":""},"class_list":["post-4182","page","type-page","status-publish","hentry"],"_links":{"self":[{"href":"https:\/\/sterzingermoos.it\/hotel\/it\/wp-json\/wp\/v2\/pages\/4182","targetHints":{"allow":["GET"]}}],"collection":[{"href":"https:\/\/sterzingermoos.it\/hotel\/it\/wp-json\/wp\/v2\/pages"}],"about":[{"href":"https:\/\/sterzingermoos.it\/hotel\/it\/wp-json\/wp\/v2\/types\/page"}],"author":[{"embeddable":true,"href":"https:\/\/sterzingermoos.it\/hotel\/it\/wp-json\/wp\/v2\/users\/1"}],"replies":[{"embeddable":true,"href":"https:\/\/sterzingermoos.it\/hotel\/it\/wp-json\/wp\/v2\/comments?post=4182"}],"version-history":[{"count":5,"href":"https:\/\/sterzingermoos.it\/hotel\/it\/wp-json\/wp\/v2\/pages\/4182\/revisions"}],"predecessor-version":[{"id":5161,"href":"https:\/\/sterzingermoos.it\/hotel\/it\/wp-json\/wp\/v2\/pages\/4182\/revisions\/5161"}],"up":[{"embeddable":true,"href":"https:\/\/sterzingermoos.it\/hotel\/it\/wp-json\/wp\/v2\/pages\/4115"}],"wp:attachment":[{"href":"https:\/\/sterzingermoos.it\/hotel\/it\/wp-json\/wp\/v2\/media?parent=4182"}],"curies":[{"name":"wp","href":"https:\/\/api.w.org\/{rel}","templated":true}]}}