{"id":4154,"date":"2016-03-22T19:31:25","date_gmt":"2016-03-22T19:31:25","guid":{"rendered":"http:\/\/sterzingermoos.it\/hotel\/it\/?page_id=4154"},"modified":"2021-09-14T10:09:31","modified_gmt":"2021-09-14T10:09:31","slug":"la-citta-di-vipiteno","status":"publish","type":"page","link":"https:\/\/sterzingermoos.it\/hotel\/it\/vipiteno-dintorni\/la-citta-di-vipiteno\/","title":{"rendered":"La citt\u00e0 di Vipiteno"},"content":{"rendered":"<style type=\"text\/css\"> \n#cmsmasters_row_69f3cafc79bd28_26997896 .cmsmasters_row_outer_parent { \n\tpadding-top: 50px; \n} \n\n#cmsmasters_row_69f3cafc79bd28_26997896 .cmsmasters_row_outer_parent { \n\tpadding-bottom: 40px; \n} \n\n \n#cmsmasters_heading_69f3cafc79cbe8_38431397 { \n\ttext-align:left; \n\tmargin-top:0px; \n\tmargin-bottom:20px; \n} \n\n#cmsmasters_heading_69f3cafc79cbe8_38431397 .cmsmasters_heading { \n\ttext-align:left; \n} \n\n#cmsmasters_heading_69f3cafc79cbe8_38431397 .cmsmasters_heading, #cmsmasters_heading_69f3cafc79cbe8_38431397 .cmsmasters_heading a { \n\tfont-weight:normal; \n\tfont-style:normal; \n} \n\n#cmsmasters_heading_69f3cafc79cbe8_38431397 .cmsmasters_heading_divider { \n} \n\n \n#cmsmasters_row_69f3cafc79da08_03863322 .cmsmasters_row_outer_parent { \n\tpadding-top: 0px; \n} \n\n#cmsmasters_row_69f3cafc79da08_03863322 .cmsmasters_row_outer_parent { \n\tpadding-bottom: 50px; \n} \n\n #cmsmasters_icon_list_items_69f3cafc7a41a2_19162377 { \n\tpadding-left:40px; \n} \n\n#cmsmasters_icon_list_items_69f3cafc7a41a2_19162377 .cmsmasters_icon_list_item:before { \n\tfont-size:20px; \n\tleft:-40px; \n} \n<\/style><div id=\"cmsmasters_row_69f3cafc79bd28_26997896\" class=\"cmsmasters_row cmsmasters_color_scheme_default cmsmasters_row_top_default cmsmasters_row_bot_default cmsmasters_row_boxed\">\n<div class=\"cmsmasters_row_outer_parent\">\n<div class=\"cmsmasters_row_outer\">\n<div class=\"cmsmasters_row_inner\">\n<div class=\"cmsmasters_row_margin\">\n<div class=\"cmsmasters_column one_first\">\n\n<div id=\"cmsmasters_heading_69f3cafc79cbe8_38431397\" class=\"cmsmasters_heading_wrap cmsmasters_heading_align_left\">\n\t<h2 class=\"cmsmasters_heading\">Qualche cenno storico della nostra Citt\u00e0 di Vipiteno<\/h2>\n<\/div><div class=\"cmsmasters_text\">\n<p>Gi\u00e0 in epoca romana era stata fondata la stazione stradale VIPITENUM lungo la via di comunicazione pi\u00f9 importante tra l`Italia e i paesi tedeschi; successivamente, nell&#8217;alto Medioevo si ebbe un insediamento baiuvaro, da cui si svilupp\u00f2 il borgo <a href=\"http:\/\/www.vipiteno.com\" target=\"_blank\" rel=\"noopener\">Vipiteno<\/a> (STERZING),elevato al rango di \u00a0citt\u00e0 verso la fine del XIII secolo ad opera di Mainrado II di Tirolo. L`impianto urbanistico del centro storico \u00e8 rimasto sostanzialmente immutato. La cittadina \u00e8 divisa dalla torre civica in due nuclei, allineati lungo la via centrale,\u00a0 con negozi ed alberghi al posto delle antiche botteghe artigiane e delle locande. Anche l`impronta architettonica degli edifici \u00e8 stata gelosamente conservata nelle forme acquisite nel XV e XVI secolo. La Citt\u00e0 Nuova \u00e8 una delle pi\u00f9 belle strade del Tirolo: le facciate delle case sormontate da frontoni spesso merlati e continuamentci e increspate dai caratteristi ERKER di fogge e dimensioni diverse, la fuga dei portici in un movimentato gioco di pieni e di vuoti, i colori delle facciate in toni sempre vari, le insegne in ferro battuto delle locande e la gioia dei fiori alle finestre offrono un quadro di incomparabile fascino. Per questo la nostra citt\u00e0 \u00e8 stata inserita tra i <em>&#8220;Borghi pi\u00f9 belli d`Italia&#8221;<\/em>.<\/p>\n<\/div>\n<\/div>\n<\/div>\n<\/div>\n<\/div>\n<\/div>\n<\/div>\n<div id=\"cmsmasters_row_69f3cafc79da08_03863322\" class=\"cmsmasters_row cmsmasters_color_scheme_default cmsmasters_row_top_default cmsmasters_row_bot_default cmsmasters_row_boxed\">\n<div class=\"cmsmasters_row_outer_parent\">\n<div class=\"cmsmasters_row_outer\">\n<div class=\"cmsmasters_row_inner\">\n<div class=\"cmsmasters_row_margin\">\n<div class=\"cmsmasters_column one_half\">\n<div class=\"cmsmasters_content_slider_wrap\" style=\"max-width:px;\">\n<script type=\"text\/javascript\">jQuery(document).ready(function () { jQuery(\"#cmsmasters_slider_69f3cafc79e1d2_27011805.cmsmasters_content_slider\").owlCarousel( { singleItem : true, transitionStyle: false, rewindSpeed : 1000, slideSpeed : 600, autoHeight : true, paginationSpeed : \t600, autoPlay : 7000,stopOnHover: true, navigationText : \t[ \"<span class=\\\"cmsmasters_prev_arrow\\\"><span><\/span><\/span>\", \"<span class=\\\"cmsmasters_next_arrow\\\"><span><\/span><\/span>\" ] } );} );<\/script>\n<div id=\"cmsmasters_slider_69f3cafc79e1d2_27011805\" class=\"cmsmasters_content_slider cmsmasters_owl_slider owl-carousel\">\n<div class=\"cmsmasters_content_slider_item\"><img loading=\"lazy\" decoding=\"async\" width=\"1000\" height=\"793\" src=\"https:\/\/sterzingermoos.it\/hotel\/wp-content\/uploads\/2015\/12\/reifenstein.jpg\" class=\"attachment-full size-full\" alt=\"\" srcset=\"https:\/\/sterzingermoos.it\/hotel\/wp-content\/uploads\/2015\/12\/reifenstein.jpg 1000w, https:\/\/sterzingermoos.it\/hotel\/wp-content\/uploads\/2015\/12\/reifenstein-300x238.jpg 300w, https:\/\/sterzingermoos.it\/hotel\/wp-content\/uploads\/2015\/12\/reifenstein-768x609.jpg 768w, https:\/\/sterzingermoos.it\/hotel\/wp-content\/uploads\/2015\/12\/reifenstein-200x159.jpg 200w, https:\/\/sterzingermoos.it\/hotel\/wp-content\/uploads\/2015\/12\/reifenstein-580x460.jpg 580w, https:\/\/sterzingermoos.it\/hotel\/wp-content\/uploads\/2015\/12\/reifenstein-860x682.jpg 860w\" sizes=\"auto, (max-width: 1000px) 100vw, 1000px\" \/><\/div><div class=\"cmsmasters_content_slider_item\"><img loading=\"lazy\" decoding=\"async\" width=\"1000\" height=\"793\" src=\"https:\/\/sterzingermoos.it\/hotel\/wp-content\/uploads\/2015\/12\/multscher.jpg\" class=\"attachment-full size-full\" alt=\"\" srcset=\"https:\/\/sterzingermoos.it\/hotel\/wp-content\/uploads\/2015\/12\/multscher.jpg 1000w, https:\/\/sterzingermoos.it\/hotel\/wp-content\/uploads\/2015\/12\/multscher-300x238.jpg 300w, https:\/\/sterzingermoos.it\/hotel\/wp-content\/uploads\/2015\/12\/multscher-768x609.jpg 768w, https:\/\/sterzingermoos.it\/hotel\/wp-content\/uploads\/2015\/12\/multscher-200x159.jpg 200w, https:\/\/sterzingermoos.it\/hotel\/wp-content\/uploads\/2015\/12\/multscher-580x460.jpg 580w, https:\/\/sterzingermoos.it\/hotel\/wp-content\/uploads\/2015\/12\/multscher-860x682.jpg 860w\" sizes=\"auto, (max-width: 1000px) 100vw, 1000px\" \/><\/div><div class=\"cmsmasters_content_slider_item\"><img loading=\"lazy\" decoding=\"async\" width=\"1000\" height=\"793\" src=\"https:\/\/sterzingermoos.it\/hotel\/wp-content\/uploads\/2015\/12\/rathaus.jpg\" class=\"attachment-full size-full\" alt=\"\" srcset=\"https:\/\/sterzingermoos.it\/hotel\/wp-content\/uploads\/2015\/12\/rathaus.jpg 1000w, https:\/\/sterzingermoos.it\/hotel\/wp-content\/uploads\/2015\/12\/rathaus-300x238.jpg 300w, https:\/\/sterzingermoos.it\/hotel\/wp-content\/uploads\/2015\/12\/rathaus-768x609.jpg 768w, https:\/\/sterzingermoos.it\/hotel\/wp-content\/uploads\/2015\/12\/rathaus-200x159.jpg 200w, https:\/\/sterzingermoos.it\/hotel\/wp-content\/uploads\/2015\/12\/rathaus-580x460.jpg 580w, https:\/\/sterzingermoos.it\/hotel\/wp-content\/uploads\/2015\/12\/rathaus-860x682.jpg 860w\" sizes=\"auto, (max-width: 1000px) 100vw, 1000px\" \/><\/div><div class=\"cmsmasters_content_slider_item\"><img loading=\"lazy\" decoding=\"async\" width=\"1000\" height=\"793\" src=\"https:\/\/sterzingermoos.it\/hotel\/wp-content\/uploads\/2015\/12\/nepomuk.jpg\" class=\"attachment-full size-full\" alt=\"\" srcset=\"https:\/\/sterzingermoos.it\/hotel\/wp-content\/uploads\/2015\/12\/nepomuk.jpg 1000w, https:\/\/sterzingermoos.it\/hotel\/wp-content\/uploads\/2015\/12\/nepomuk-300x238.jpg 300w, https:\/\/sterzingermoos.it\/hotel\/wp-content\/uploads\/2015\/12\/nepomuk-768x609.jpg 768w, https:\/\/sterzingermoos.it\/hotel\/wp-content\/uploads\/2015\/12\/nepomuk-200x159.jpg 200w, https:\/\/sterzingermoos.it\/hotel\/wp-content\/uploads\/2015\/12\/nepomuk-580x460.jpg 580w, https:\/\/sterzingermoos.it\/hotel\/wp-content\/uploads\/2015\/12\/nepomuk-860x682.jpg 860w\" sizes=\"auto, (max-width: 1000px) 100vw, 1000px\" \/><\/div><div class=\"cmsmasters_content_slider_item\"><\/div><div class=\"cmsmasters_content_slider_item\"><\/div><div class=\"cmsmasters_content_slider_item\"><\/div><\/div>\n<\/div>\n<\/div>\n<div class=\"cmsmasters_column one_half\">\n<div class=\"cmsmasters_text\">\n<p><strong>I monumenti artistici di Vipiteno:<\/strong><\/p>\n<\/div>\n \n<ul id=\"cmsmasters_icon_list_items_69f3cafc7a41a2_19162377\" class=\"cmsmasters_icon_list_items cmsmasters_icon_list_type_list cmsmasters_icon_list_pos_left cmsmasters_color_type_border\" data-animation=\"flipInX\" data-delay=\"0\"><li id=\"cmsmasters_icon_list_item_69f3cafc7a45f0_69705544\" class=\"cmsmasters_icon_list_item cmsmasters-icon-ok-2\">La Torre delle Dodici<\/li><li id=\"cmsmasters_icon_list_item_69f3cafc7a4706_90758763\" class=\"cmsmasters_icon_list_item cmsmasters-icon-ok-2\">Chiesa Santo Spirito<\/li><li id=\"cmsmasters_icon_list_item_69f3cafc7a47e9_46429012\" class=\"cmsmasters_icon_list_item cmsmasters-icon-ok-2\">Monumento di S. Giovanni Nepomuceno<\/li><li id=\"cmsmasters_icon_list_item_69f3cafc7a48a3_63553539\" class=\"cmsmasters_icon_list_item cmsmasters-icon-ok-2\">MUNICIPIO con la Stele del Dio Mitra<\/li><li id=\"cmsmasters_icon_list_item_69f3cafc7a4961_11497693\" class=\"cmsmasters_icon_list_item cmsmasters-icon-ok-2\">Comenda dell\u2032Ordine Teutonico - Museo Multscher<\/li><li id=\"cmsmasters_icon_list_item_69f3cafc7a4a18_49317385\" class=\"cmsmasters_icon_list_item cmsmasters-icon-ok-2\">Chiesa Parrocchiale e lapide di Postumia Victorina<\/li><li id=\"cmsmasters_icon_list_item_69f3cafc7a4ac1_78093486\" class=\"cmsmasters_icon_list_item cmsmasters-icon-ok-2\">Castel Tasso<\/li><\/ul>\n<\/div>\n<\/div>\n<\/div>\n<\/div>\n<\/div>\n<\/div>\n\n","protected":false},"excerpt":{"rendered":"","protected":false},"author":1,"featured_media":0,"parent":4115,"menu_order":0,"comment_status":"closed","ping_status":"closed","template":"","meta":{"footnotes":""},"class_list":["post-4154","page","type-page","status-publish","hentry"],"_links":{"self":[{"href":"https:\/\/sterzingermoos.it\/hotel\/it\/wp-json\/wp\/v2\/pages\/4154","targetHints":{"allow":["GET"]}}],"collection":[{"href":"https:\/\/sterzingermoos.it\/hotel\/it\/wp-json\/wp\/v2\/pages"}],"about":[{"href":"https:\/\/sterzingermoos.it\/hotel\/it\/wp-json\/wp\/v2\/types\/page"}],"author":[{"embeddable":true,"href":"https:\/\/sterzingermoos.it\/hotel\/it\/wp-json\/wp\/v2\/users\/1"}],"replies":[{"embeddable":true,"href":"https:\/\/sterzingermoos.it\/hotel\/it\/wp-json\/wp\/v2\/comments?post=4154"}],"version-history":[{"count":3,"href":"https:\/\/sterzingermoos.it\/hotel\/it\/wp-json\/wp\/v2\/pages\/4154\/revisions"}],"predecessor-version":[{"id":5153,"href":"https:\/\/sterzingermoos.it\/hotel\/it\/wp-json\/wp\/v2\/pages\/4154\/revisions\/5153"}],"up":[{"embeddable":true,"href":"https:\/\/sterzingermoos.it\/hotel\/it\/wp-json\/wp\/v2\/pages\/4115"}],"wp:attachment":[{"href":"https:\/\/sterzingermoos.it\/hotel\/it\/wp-json\/wp\/v2\/media?parent=4154"}],"curies":[{"name":"wp","href":"https:\/\/api.w.org\/{rel}","templated":true}]}}