{"id":4115,"date":"2016-03-22T15:51:36","date_gmt":"2016-03-22T15:51:36","guid":{"rendered":"http:\/\/sterzingermoos.it\/hotel\/?page_id=4115&#038;lang=it"},"modified":"2021-09-13T12:36:42","modified_gmt":"2021-09-13T12:36:42","slug":"vipiteno-dintorni","status":"publish","type":"page","link":"https:\/\/sterzingermoos.it\/hotel\/it\/vipiteno-dintorni\/","title":{"rendered":"Vipiteno e dintorni"},"content":{"rendered":"<style type=\"text\/css\"> \n#cmsmasters_row_69d381442c45d6_00077312 .cmsmasters_row_outer_parent { \n\tpadding-top: 50px; \n} \n\n#cmsmasters_row_69d381442c45d6_00077312 .cmsmasters_row_outer_parent { \n\tpadding-bottom: 40px; \n} \n\n \n#cmsmasters_heading_69d381442c54f2_19052361 { \n\ttext-align:left; \n\tmargin-top:0px; \n\tmargin-bottom:20px; \n} \n\n#cmsmasters_heading_69d381442c54f2_19052361 .cmsmasters_heading { \n\ttext-align:left; \n} \n\n#cmsmasters_heading_69d381442c54f2_19052361 .cmsmasters_heading, #cmsmasters_heading_69d381442c54f2_19052361 .cmsmasters_heading a { \n\tfont-weight:normal; \n\tfont-style:normal; \n} \n\n#cmsmasters_heading_69d381442c54f2_19052361 .cmsmasters_heading_divider { \n} \n\n \n#cmsmasters_divider_69d381442c6298_89560288 { \n\tborder-bottom-width:1px; \n\tborder-bottom-style:solid; \n\tpadding-top:5px; \n\tmargin-bottom:5px; \n} \n \n#cmsmasters_row_69d381442c64a3_06277453 .cmsmasters_row_outer_parent { \n\tpadding-top: 0px; \n} \n\n#cmsmasters_row_69d381442c64a3_06277453 .cmsmasters_row_outer_parent { \n\tpadding-bottom: 50px; \n} \n\n \n\n#cmsmasters_fb_69d381442c7c03_37508496 { \n\tpadding-top:0px; \n\tpadding-bottom:0px; \n\tbackground-color:#5173a6;\n} \n\n#cmsmasters_fb_69d381442c7c03_37508496 .featured_block_inner { \n\twidth: 100%; \n\tpadding: 20px 50px 20px 50px ; \n\ttext-align: left; \n\tmargin:0 auto; \n\tbackground-color:#5173a6;\n} \n\n#cmsmasters_fb_69d381442c7c03_37508496 .featured_block_text { \n\ttext-align: left; \n} \n\n \n#cmsmasters_heading_69d381442c82d1_73138148 { \n\ttext-align:center; \n\tmargin-top:0px; \n\tmargin-bottom:0px; \n} \n\n#cmsmasters_heading_69d381442c82d1_73138148 .cmsmasters_heading { \n\ttext-align:center; \n} \n\n#cmsmasters_heading_69d381442c82d1_73138148 .cmsmasters_heading, #cmsmasters_heading_69d381442c82d1_73138148 .cmsmasters_heading a { \n\tfont-weight:300; \n\tfont-style:normal; \n\tcolor:#ffffff;\n} \n\n#cmsmasters_heading_69d381442c82d1_73138148 .cmsmasters_heading_divider { \n} \n\n \n#cmsmasters_heading_69d381442c8660_21726168 { \n\ttext-align:center; \n\tmargin-top:0px; \n\tmargin-bottom:20px; \n} \n\n#cmsmasters_heading_69d381442c8660_21726168 .cmsmasters_heading { \n\ttext-align:center; \n} \n\n#cmsmasters_heading_69d381442c8660_21726168 .cmsmasters_heading, #cmsmasters_heading_69d381442c8660_21726168 .cmsmasters_heading a { \n\tfont-size:22px; \n\tfont-weight:300; \n\tfont-style:normal; \n} \n\n#cmsmasters_heading_69d381442c8660_21726168 .cmsmasters_heading_divider { \n} \n\n \n\n#cmsmasters_fb_69d381442c94e2_74256185 { \n\tpadding-top:0px; \n\tpadding-bottom:0px; \n\tbackground-color:#4f8e07;\n} \n\n#cmsmasters_fb_69d381442c94e2_74256185 .featured_block_inner { \n\twidth: 100%; \n\tpadding: 20px 50px 20px 50px ; \n\ttext-align: left; \n\tmargin:0 auto; \n\tbackground-color:#4f8e07;\n} \n\n#cmsmasters_fb_69d381442c94e2_74256185 .featured_block_text { \n\ttext-align: left; \n} \n\n \n#cmsmasters_heading_69d381442c99b3_97266248 { \n\ttext-align:center; \n\tmargin-top:0px; \n\tmargin-bottom:0px; \n} \n\n#cmsmasters_heading_69d381442c99b3_97266248 .cmsmasters_heading { \n\ttext-align:center; \n} \n\n#cmsmasters_heading_69d381442c99b3_97266248 .cmsmasters_heading, #cmsmasters_heading_69d381442c99b3_97266248 .cmsmasters_heading a { \n\tfont-weight:300; \n\tfont-style:normal; \n\tcolor:#ffffff;\n} \n\n#cmsmasters_heading_69d381442c99b3_97266248 .cmsmasters_heading_divider { \n} \n\n \n#cmsmasters_heading_69d381442c9d17_04255325 { \n\ttext-align:center; \n\tmargin-top:0px; \n\tmargin-bottom:20px; \n} \n\n#cmsmasters_heading_69d381442c9d17_04255325 .cmsmasters_heading { \n\ttext-align:center; \n} \n\n#cmsmasters_heading_69d381442c9d17_04255325 .cmsmasters_heading, #cmsmasters_heading_69d381442c9d17_04255325 .cmsmasters_heading a { \n\tfont-size:22px; \n\tfont-weight:300; \n\tfont-style:normal; \n} \n\n#cmsmasters_heading_69d381442c9d17_04255325 .cmsmasters_heading_divider { \n} \n\n \n\n#cmsmasters_fb_69d381442ca9d9_65756197 { \n\tpadding-top:0px; \n\tpadding-bottom:0px; \n\tbackground-color:#0ac5d6;\n} \n\n#cmsmasters_fb_69d381442ca9d9_65756197 .featured_block_inner { \n\twidth: 100%; \n\tpadding: 20px 50px 20px 50px ; \n\ttext-align: left; \n\tmargin:0 auto; \n\tbackground-color:#0ac5d6;\n} \n\n#cmsmasters_fb_69d381442ca9d9_65756197 .featured_block_text { \n\ttext-align: left; \n} \n\n \n#cmsmasters_heading_69d381442cadf6_79339962 { \n\ttext-align:center; \n\tmargin-top:0px; \n\tmargin-bottom:0px; \n} \n\n#cmsmasters_heading_69d381442cadf6_79339962 .cmsmasters_heading { \n\ttext-align:center; \n} \n\n#cmsmasters_heading_69d381442cadf6_79339962 .cmsmasters_heading, #cmsmasters_heading_69d381442cadf6_79339962 .cmsmasters_heading a { \n\tfont-weight:300; \n\tfont-style:normal; \n\tcolor:#ffffff;\n} \n\n#cmsmasters_heading_69d381442cadf6_79339962 .cmsmasters_heading_divider { \n} \n\n \n#cmsmasters_heading_69d381442cb0e9_73679415 { \n\ttext-align:center; \n\tmargin-top:0px; \n\tmargin-bottom:20px; \n} \n\n#cmsmasters_heading_69d381442cb0e9_73679415 .cmsmasters_heading { \n\ttext-align:center; \n} \n\n#cmsmasters_heading_69d381442cb0e9_73679415 .cmsmasters_heading, #cmsmasters_heading_69d381442cb0e9_73679415 .cmsmasters_heading a { \n\tfont-size:22px; \n\tfont-weight:300; \n\tfont-style:normal; \n} \n\n#cmsmasters_heading_69d381442cb0e9_73679415 .cmsmasters_heading_divider { \n} \n\n \n#cmsmasters_row_69d381442cb390_89946113 .cmsmasters_row_outer_parent { \n\tpadding-top: 0px; \n} \n\n#cmsmasters_row_69d381442cb390_89946113 .cmsmasters_row_outer_parent { \n\tpadding-bottom: 50px; \n} \n\n \n\n#cmsmasters_fb_69d381442cbf89_35873601 { \n\tpadding-top:0px; \n\tpadding-bottom:0px; \n\tbackground-color:#f2a624;\n} \n\n#cmsmasters_fb_69d381442cbf89_35873601 .featured_block_inner { \n\twidth: 100%; \n\tpadding: 20px 50px 20px 50px ; \n\ttext-align: left; \n\tmargin:0 auto; \n\tbackground-color:#f2a624;\n} \n\n#cmsmasters_fb_69d381442cbf89_35873601 .featured_block_text { \n\ttext-align: left; \n} \n\n \n#cmsmasters_heading_69d381442cc3c4_82056709 { \n\ttext-align:center; \n\tmargin-top:0px; \n\tmargin-bottom:0px; \n} \n\n#cmsmasters_heading_69d381442cc3c4_82056709 .cmsmasters_heading { \n\ttext-align:center; \n} \n\n#cmsmasters_heading_69d381442cc3c4_82056709 .cmsmasters_heading, #cmsmasters_heading_69d381442cc3c4_82056709 .cmsmasters_heading a { \n\tfont-weight:300; \n\tfont-style:normal; \n\tcolor:#ffffff;\n} \n\n#cmsmasters_heading_69d381442cc3c4_82056709 .cmsmasters_heading_divider { \n} \n\n \n#cmsmasters_heading_69d381442cc6f1_30883770 { \n\ttext-align:center; \n\tmargin-top:0px; \n\tmargin-bottom:20px; \n} \n\n#cmsmasters_heading_69d381442cc6f1_30883770 .cmsmasters_heading { \n\ttext-align:center; \n} \n\n#cmsmasters_heading_69d381442cc6f1_30883770 .cmsmasters_heading, #cmsmasters_heading_69d381442cc6f1_30883770 .cmsmasters_heading a { \n\tfont-size:22px; \n\tfont-weight:300; \n\tfont-style:normal; \n} \n\n#cmsmasters_heading_69d381442cc6f1_30883770 .cmsmasters_heading_divider { \n} \n\n \n\n#cmsmasters_fb_69d381442cd245_51480606 { \n\tpadding-top:0px; \n\tpadding-bottom:0px; \n\tbackground-color:#000000;\n} \n\n#cmsmasters_fb_69d381442cd245_51480606 .featured_block_inner { \n\twidth: 100%; \n\tpadding: 20px 50px 20px 50px ; \n\ttext-align: left; \n\tmargin:0 auto; \n\tbackground-color:#000000;\n} \n\n#cmsmasters_fb_69d381442cd245_51480606 .featured_block_text { \n\ttext-align: left; \n} \n\n \n#cmsmasters_heading_69d381442cd629_89474726 { \n\ttext-align:center; \n\tmargin-top:0px; \n\tmargin-bottom:0px; \n} \n\n#cmsmasters_heading_69d381442cd629_89474726 .cmsmasters_heading { \n\ttext-align:center; \n} \n\n#cmsmasters_heading_69d381442cd629_89474726 .cmsmasters_heading, #cmsmasters_heading_69d381442cd629_89474726 .cmsmasters_heading a { \n\tfont-weight:300; \n\tfont-style:normal; \n\tcolor:#ffffff;\n} \n\n#cmsmasters_heading_69d381442cd629_89474726 .cmsmasters_heading_divider { \n} \n\n \n#cmsmasters_heading_69d381442cd934_08856844 { \n\ttext-align:center; \n\tmargin-top:0px; \n\tmargin-bottom:20px; \n} \n\n#cmsmasters_heading_69d381442cd934_08856844 .cmsmasters_heading { \n\ttext-align:center; \n} \n\n#cmsmasters_heading_69d381442cd934_08856844 .cmsmasters_heading, #cmsmasters_heading_69d381442cd934_08856844 .cmsmasters_heading a { \n\tfont-size:22px; \n\tfont-weight:300; \n\tfont-style:normal; \n} \n\n#cmsmasters_heading_69d381442cd934_08856844 .cmsmasters_heading_divider { \n} \n\n \n\n#cmsmasters_fb_69d381442ce406_41648275 { \n\tpadding-top:0px; \n\tpadding-bottom:0px; \n\tbackground-color:#c0c0c0;\n} \n\n#cmsmasters_fb_69d381442ce406_41648275 .featured_block_inner { \n\twidth: 100%; \n\tpadding: 20px 50px 20px 50px ; \n\ttext-align: left; \n\tmargin:0 auto; \n\tbackground-color:#c0c0c0;\n} \n\n#cmsmasters_fb_69d381442ce406_41648275 .featured_block_text { \n\ttext-align: left; \n} \n\n \n#cmsmasters_heading_69d381442ce7f8_08512398 { \n\ttext-align:center; \n\tmargin-top:0px; \n\tmargin-bottom:0px; \n} \n\n#cmsmasters_heading_69d381442ce7f8_08512398 .cmsmasters_heading { \n\ttext-align:center; \n} \n\n#cmsmasters_heading_69d381442ce7f8_08512398 .cmsmasters_heading, #cmsmasters_heading_69d381442ce7f8_08512398 .cmsmasters_heading a { \n\tfont-weight:300; \n\tfont-style:normal; \n\tcolor:#ffffff;\n} \n\n#cmsmasters_heading_69d381442ce7f8_08512398 .cmsmasters_heading_divider { \n} \n\n \n#cmsmasters_heading_69d381442ceb27_62321702 { \n\ttext-align:center; \n\tmargin-top:0px; \n\tmargin-bottom:20px; \n} \n\n#cmsmasters_heading_69d381442ceb27_62321702 .cmsmasters_heading { \n\ttext-align:center; \n} \n\n#cmsmasters_heading_69d381442ceb27_62321702 .cmsmasters_heading, #cmsmasters_heading_69d381442ceb27_62321702 .cmsmasters_heading a { \n\tfont-size:22px; \n\tfont-weight:300; \n\tfont-style:normal; \n} \n\n#cmsmasters_heading_69d381442ceb27_62321702 .cmsmasters_heading_divider { \n} \n\n<\/style><div id=\"cmsmasters_row_69d381442c45d6_00077312\" class=\"cmsmasters_row cmsmasters_color_scheme_default cmsmasters_row_top_default cmsmasters_row_bot_default cmsmasters_row_boxed\">\n<div class=\"cmsmasters_row_outer_parent\">\n<div class=\"cmsmasters_row_outer\">\n<div class=\"cmsmasters_row_inner\">\n<div class=\"cmsmasters_row_margin\">\n<div class=\"cmsmasters_column one_first\">\n\n<div id=\"cmsmasters_heading_69d381442c54f2_19052361\" class=\"cmsmasters_heading_wrap cmsmasters_heading_align_left\">\n\t<h2 class=\"cmsmasters_heading\">Mete da vedere nelle Vostre vacanze in Alto Adige<\/h2>\n<\/div><div class=\"cmsmasters_text\">\n<p><strong>Shopping a 360\u00b0 nella pittoresca citt\u00e0 medioevale circondata da un meaestoso mondo montano<\/strong><\/p>\n<p><span id=\"result_box\" class=\"\" lang=\"it\">Lasciatevi incantare dalla graziosa citt\u00e0 di Vipiteno in Alto Adige con il suo fascino ineguagliabile. Chi era<\/span> non dimenticher\u00e0 mai l&#8217;impressione unica che lasciano le vie pittoresche della Citt\u00e0 Nuova e della Citt\u00e0 Vecchia nel centro storico.\u00a0<span class=\"\" lang=\"it\">Da non perdere l&#8217;ornato municipio con la sua camera di consiglio in stile gotica, dove <span class=\"\">si riunisce ancora<\/span> <span class=\"\">fino ad oggi<\/span><span class=\"\"> il consiglio comunale di Vipiteno.<br \/>\n<\/span><\/span><\/p>\n<\/div>\n\n<div id=\"cmsmasters_divider_69d381442c6298_89560288\" class=\"cmsmasters_divider cmsmasters_divider_width_long cmsmasters_divider_pos_center\"><\/div>\n<\/div>\n<\/div>\n<\/div>\n<\/div>\n<\/div>\n<\/div>\n<div id=\"cmsmasters_row_69d381442c64a3_06277453\" class=\"cmsmasters_row cmsmasters_color_scheme_default cmsmasters_row_top_default cmsmasters_row_bot_default cmsmasters_row_boxed\">\n<div class=\"cmsmasters_row_outer_parent\">\n<div class=\"cmsmasters_row_outer\">\n<div class=\"cmsmasters_row_inner\">\n<div class=\"cmsmasters_row_margin\">\n<div class=\"cmsmasters_column one_third\">\n<div class=\"cmsmasters_img  cmsmasters_image_n\">\n<a href=\"http:\/\/sterzingermoos.it\/hotel\/it\/vipiteno-dintorni\/la-citta-di-vipiteno\/\"><img decoding=\"async\" src=\"https:\/\/sterzingermoos.it\/hotel\/wp-content\/uploads\/2015\/12\/stadt-sterzing-1.jpg\" \/><\/a>\n<\/div>\n<div id=\"cmsmasters_fb_69d381442c7c03_37508496\" class=\"cmsmasters_featured_block\">\n<div class=\"featured_block_inner\">\n<div class=\"featured_block_text\">\n\n<div id=\"cmsmasters_heading_69d381442c82d1_73138148\" class=\"cmsmasters_heading_wrap cmsmasters_heading_align_center\">\n\t<h2 class=\"cmsmasters_heading\">Vipiteno<\/h2>\n<\/div>\n<\/div>\n<\/div>\n<\/div>\n\n<div id=\"cmsmasters_heading_69d381442c8660_21726168\" class=\"cmsmasters_heading_wrap cmsmasters_heading_align_center\">\n\t<h3 class=\"cmsmasters_heading\"><a href=\"http:\/\/sterzingermoos.it\/hotel\/it\/vipiteno-dintorni\/la-citta-di-vipiteno\/\">La citt\u00e0 dei Fugger<\/a><\/h3>\n<\/div>\n<\/div>\n<div class=\"cmsmasters_column one_third\">\n<div class=\"cmsmasters_img  cmsmasters_image_n\">\n<a href=\"http:\/\/sterzingermoos.it\/hotel\/it\/vipiteno-dintorni\/le-valli-vicine\/\"><img decoding=\"async\" src=\"https:\/\/sterzingermoos.it\/hotel\/wp-content\/uploads\/2015\/12\/ferientaeler-wiesen-pfitsch.jpg\" \/><\/a>\n<\/div>\n<div id=\"cmsmasters_fb_69d381442c94e2_74256185\" class=\"cmsmasters_featured_block\">\n<div class=\"featured_block_inner\">\n<div class=\"featured_block_text\">\n\n<div id=\"cmsmasters_heading_69d381442c99b3_97266248\" class=\"cmsmasters_heading_wrap cmsmasters_heading_align_center\">\n\t<h2 class=\"cmsmasters_heading\">I dintorni<\/h2>\n<\/div>\n<\/div>\n<\/div>\n<\/div>\n\n<div id=\"cmsmasters_heading_69d381442c9d17_04255325\" class=\"cmsmasters_heading_wrap cmsmasters_heading_align_center\">\n\t<h3 class=\"cmsmasters_heading\"><a href=\"http:\/\/sterzingermoos.it\/hotel\/it\/vipiteno-dintorni\/le-valli-vicine\/\">Le Valli della regione<\/a><\/h3>\n<\/div>\n<\/div>\n<div class=\"cmsmasters_column one_third\">\n<div class=\"cmsmasters_img  cmsmasters_image_n\">\n<a href=\"http:\/\/sterzingermoos.it\/hotel\/it\/vipiteno-dintorni\/inverno-a-vipiteno-al-montecavallo\/\"><img decoding=\"async\" src=\"https:\/\/sterzingermoos.it\/hotel\/wp-content\/uploads\/2015\/12\/skivergnuegen-rosskopf.jpg\" \/><\/a>\n<\/div>\n<div id=\"cmsmasters_fb_69d381442ca9d9_65756197\" class=\"cmsmasters_featured_block\">\n<div class=\"featured_block_inner\">\n<div class=\"featured_block_text\">\n\n<div id=\"cmsmasters_heading_69d381442cadf6_79339962\" class=\"cmsmasters_heading_wrap cmsmasters_heading_align_center\">\n\t<h2 class=\"cmsmasters_heading\">Zone sciistiche<\/h2>\n<\/div>\n<\/div>\n<\/div>\n<\/div>\n\n<div id=\"cmsmasters_heading_69d381442cb0e9_73679415\" class=\"cmsmasters_heading_wrap cmsmasters_heading_align_center\">\n\t<h3 class=\"cmsmasters_heading\"><a href=\"http:\/\/sterzingermoos.it\/hotel\/it\/vipiteno-dintorni\/inverno-a-vipiteno-al-montecavallo\/\">Montecavallo<\/a><\/h3>\n<\/div>\n<\/div>\n<\/div>\n<\/div>\n<\/div>\n<\/div>\n<\/div>\n<div id=\"cmsmasters_row_69d381442cb390_89946113\" class=\"cmsmasters_row cmsmasters_color_scheme_default cmsmasters_row_top_default cmsmasters_row_bot_default cmsmasters_row_boxed\">\n<div class=\"cmsmasters_row_outer_parent\">\n<div class=\"cmsmasters_row_outer\">\n<div class=\"cmsmasters_row_inner\">\n<div class=\"cmsmasters_row_margin\">\n<div class=\"cmsmasters_column one_third\">\n<div class=\"cmsmasters_img  cmsmasters_image_n\">\n<a href=\"http:\/\/sterzingermoos.it\/hotel\/it\/vipiteno-dintorni\/escursioni-alto-adige\/\"><img decoding=\"async\" src=\"https:\/\/sterzingermoos.it\/hotel\/wp-content\/uploads\/2015\/12\/wanderurlaub-suedtirol.jpg\" \/><\/a>\n<\/div>\n<div id=\"cmsmasters_fb_69d381442cbf89_35873601\" class=\"cmsmasters_featured_block\">\n<div class=\"featured_block_inner\">\n<div class=\"featured_block_text\">\n\n<div id=\"cmsmasters_heading_69d381442cc3c4_82056709\" class=\"cmsmasters_heading_wrap cmsmasters_heading_align_center\">\n\t<h2 class=\"cmsmasters_heading\">Escursionismo<\/h2>\n<\/div>\n<\/div>\n<\/div>\n<\/div>\n\n<div id=\"cmsmasters_heading_69d381442cc6f1_30883770\" class=\"cmsmasters_heading_wrap cmsmasters_heading_align_center\">\n\t<h3 class=\"cmsmasters_heading\"><a href=\"http:\/\/sterzingermoos.it\/hotel\/it\/vipiteno-dintorni\/escursioni-alto-adige\/\">Escursioni Alto Adige<\/a><\/h3>\n<\/div>\n<\/div>\n<div class=\"cmsmasters_column one_third\">\n<div class=\"cmsmasters_img  cmsmasters_image_n\">\n<a href=\"http:\/\/sterzingermoos.it\/hotel\/it\/vipiteno-dintorni\/vacanze-in-moto-a-vipiteno-in-alto-adige\/\"><img decoding=\"async\" src=\"https:\/\/sterzingermoos.it\/hotel\/wp-content\/uploads\/2015\/12\/bikerhotel.jpg\" \/><\/a>\n<\/div>\n<div id=\"cmsmasters_fb_69d381442cd245_51480606\" class=\"cmsmasters_featured_block\">\n<div class=\"featured_block_inner\">\n<div class=\"featured_block_text\">\n\n<div id=\"cmsmasters_heading_69d381442cd629_89474726\" class=\"cmsmasters_heading_wrap cmsmasters_heading_align_center\">\n\t<h2 class=\"cmsmasters_heading\">In moto<\/h2>\n<\/div>\n<\/div>\n<\/div>\n<\/div>\n\n<div id=\"cmsmasters_heading_69d381442cd934_08856844\" class=\"cmsmasters_heading_wrap cmsmasters_heading_align_center\">\n\t<h3 class=\"cmsmasters_heading\"><a href=\"http:\/\/sterzingermoos.it\/hotel\/it\/vipiteno-dintorni\/vacanze-in-moto-a-vipiteno-in-alto-adige\/\">Vacanze in moto a Vipiteno<\/a><\/h3>\n<\/div>\n<\/div>\n<div class=\"cmsmasters_column one_third\">\n<div class=\"cmsmasters_img  cmsmasters_image_n\">\n<a href=\"http:\/\/www.sterzingermoos.it\/wanderkarte\/index.html\" target=\"_blank\"><img decoding=\"async\" src=\"https:\/\/sterzingermoos.it\/hotel\/wp-content\/uploads\/2015\/12\/panoramakarte.jpg\" \/><\/a>\n<\/div>\n<div id=\"cmsmasters_fb_69d381442ce406_41648275\" class=\"cmsmasters_featured_block\">\n<div class=\"featured_block_inner\">\n<div class=\"featured_block_text\">\n\n<div id=\"cmsmasters_heading_69d381442ce7f8_08512398\" class=\"cmsmasters_heading_wrap cmsmasters_heading_align_center\">\n\t<h2 class=\"cmsmasters_heading\">Interattivit\u00e0<\/h2>\n<\/div>\n<\/div>\n<\/div>\n<\/div>\n\n<div id=\"cmsmasters_heading_69d381442ceb27_62321702\" class=\"cmsmasters_heading_wrap cmsmasters_heading_align_center\">\n\t<h3 class=\"cmsmasters_heading\"><a href=\"http:\/\/www.sterzingermoos.it\/wanderkarte\/index.html\" target=\"_blank\">Mappa interattiva<\/a><\/h3>\n<\/div>\n<\/div>\n<\/div>\n<\/div>\n<\/div>\n<\/div>\n<\/div>\n\n","protected":false},"excerpt":{"rendered":"","protected":false},"author":1,"featured_media":0,"parent":0,"menu_order":0,"comment_status":"closed","ping_status":"closed","template":"","meta":{"footnotes":""},"class_list":["post-4115","page","type-page","status-publish","hentry"],"_links":{"self":[{"href":"https:\/\/sterzingermoos.it\/hotel\/it\/wp-json\/wp\/v2\/pages\/4115","targetHints":{"allow":["GET"]}}],"collection":[{"href":"https:\/\/sterzingermoos.it\/hotel\/it\/wp-json\/wp\/v2\/pages"}],"about":[{"href":"https:\/\/sterzingermoos.it\/hotel\/it\/wp-json\/wp\/v2\/types\/page"}],"author":[{"embeddable":true,"href":"https:\/\/sterzingermoos.it\/hotel\/it\/wp-json\/wp\/v2\/users\/1"}],"replies":[{"embeddable":true,"href":"https:\/\/sterzingermoos.it\/hotel\/it\/wp-json\/wp\/v2\/comments?post=4115"}],"version-history":[{"count":5,"href":"https:\/\/sterzingermoos.it\/hotel\/it\/wp-json\/wp\/v2\/pages\/4115\/revisions"}],"predecessor-version":[{"id":5145,"href":"https:\/\/sterzingermoos.it\/hotel\/it\/wp-json\/wp\/v2\/pages\/4115\/revisions\/5145"}],"wp:attachment":[{"href":"https:\/\/sterzingermoos.it\/hotel\/it\/wp-json\/wp\/v2\/media?parent=4115"}],"curies":[{"name":"wp","href":"https:\/\/api.w.org\/{rel}","templated":true}]}}